{"id":16,"date":"2026-03-22T18:38:46","date_gmt":"2026-03-22T18:38:46","guid":{"rendered":"https:\/\/authenticanotaries.co.uk\/?page_id=16"},"modified":"2026-03-23T15:48:49","modified_gmt":"2026-03-23T15:48:49","slug":"about","status":"publish","type":"page","link":"https:\/\/authenticanotaries.co.uk\/en\/despre\/","title":{"rendered":"About"},"content":{"rendered":"<div>Cristina a absolvit Facultatea de Drept din cadrul Universit\u0103\u021bii Bucure\u0219ti, Rom\u00e2nia. Dup\u0103 calificarea ca notar public \u00een Rom\u00e2nia (notar public de drept civil), Cristina \u0219i-a \u00eenceput cariera \u00een cadrul unui birou notarial individual din Bucure\u0219ti, unde a acumulat o vast\u0103 experien\u021b\u0103 ocup\u00e2ndu-se de o gam\u0103 larg\u0103 de cauze civile legate de Dreptul Familiei, Succesiuni \u0219i Legea Propriet\u0103\u021bii. A devenit notar definitiv \u00een 2009 \u0219i a de\u021binut aceast\u0103 pozi\u021bie timp de 6 ani.<\/p>\n<p>\u00cenainte de a \u00eenfiin\u021ba AUTHENTICA NOTARIES, Cristina s-a preg\u0103tit pentru a deveni notar public \u00een Anglia \u0219i \u021aara Galilor \u00een timp ce a lucrat \u00een calitate de consultant pentru un birou notarial \u00een centrul Londrei, unde a c\u00e2\u0219tigat experien\u021b\u0103 \u00een toate tipurile de cauze. Scopul ei este de a-\u0219i folosi cuno\u0219tin\u021bele \u0219i experien\u021ba vast\u0103 acumulate ca notar de drept civil (notar public rom\u00e2n\/ \u201eNotar rom\u00e2n\u201c) pentru a furniza servicii notariale \u00een UK adresate comunit\u0103\u021bii rom\u00e2ne \u0219i altor comunit\u0103\u021bi din Marea Britanie provenite din \u021b\u0103ri de drept civil.<\/p>\n<p>Este implicat\u0103 activ \u00een Comunitatea Notarial\u0103 din Rom\u00e2nia \u0219i particip\u0103 la conferin\u021be notariale \u00een \u00eentreaga lume. A dob\u00e2ndit experienta practic\u0103 \u00eentr-o serie de birouri notariale de renume din Italia, Fran\u021ba, Ungaria \u0219i Republica Moldova. Cristina este un c\u0103l\u0103tor pasionat, care doreste in permanenta s\u0103-\u0219i l\u0103rgeasc\u0103 orizontul.<\/p><\/div>\n<h3> Authentica Notaries<br \/>\n<\/h3>\n<div>\n<p>        <img decoding=\"async\" src=\"\/wp-content\/uploads\/2026\/03\/Cristina_Mihalache_Bertolini.jpg\" alt=\"Notar Londra Cristina Mihalache Bertolini\"><\/p>\n<h4>Cristina  M.  Mihalache  Bertolini   <\/h4>\n<p>Notar Public \u00een Londra<\/p>\n<div>\n<p>Calificat \u00een Anglia, Tara Galilor \u0219i Rom\u00e2nia<\/p>\n<\/div>\n<\/div>\n<p><p>\n        <a href=\"\/?page_id=12\">Location<\/a>\n    <\/p>\n<\/p>\n<p><!--more--><br \/>\n<!-- {\"type\":\"layout\",\"children\":[{\"name\":\"Hero\",\"type\":\"section\",\"props\":{\"animation\":\"slide-top-medium\",\"css\":\".el-section {\\n    margin-top:-40px; \/* half of height *\/\\n}\",\"header_transparent\":true,\"header_transparent_noplaceholder\":false,\"header_transparent_text_color\":\"light\",\"height\":\"section\",\"height_offset_top\":true,\"height_viewport\":true,\"image\":\"wp-content\/uploads\/2026\/03\/hp-london-2.jpg\",\"image_parallax_bgx\":\"100,0\",\"image_position\":\"top-center\",\"image_size\":\"cover\",\"image_width\":\"1920\",\"padding_remove_bottom\":false,\"padding_remove_top\":false,\"preserve_color\":false,\"style\":\"secondary\",\"title_breakpoint\":\"xl\",\"title_position\":\"top-left\",\"title_rotation\":\"left\",\"vertical_align\":\"middle\",\"width\":\"default\"},\"children\":[{\"type\":\"row\",\"props\":{\"column_gap\":\"large\",\"divider\":false,\"layout\":\"large,expand\",\"margin_remove_bottom\":false,\"margin_remove_top\":false,\"row_gap\":\"large\"},\"children\":[{\"type\":\"column\",\"props\":{\"image_position\":\"center-center\",\"position_sticky_breakpoint\":\"m\",\"preserve_color\":false,\"width_medium\":\"2xlarge\"}},{\"type\":\"column\",\"props\":{\"image_position\":\"center-center\",\"position_sticky_breakpoint\":\"m\",\"width_medium\":\"expand\"}}]}]},{\"name\":\"Why you should choose us\",\"type\":\"section\",\"props\":{\"image_position\":\"center-center\",\"padding_remove_bottom\":true,\"padding_remove_top\":false,\"style\":\"default\",\"title_breakpoint\":\"xl\",\"title_position\":\"top-left\",\"title_rotation\":\"left\",\"vertical_align\":\"\",\"width\":\"default\"},\"children\":[{\"type\":\"row\",\"props\":{\"column_gap\":\"large\",\"layout\":\"2-3,1-3\",\"row_gap\":\"large\"},\"children\":[{\"type\":\"column\",\"props\":{\"image_position\":\"center-center\",\"position_sticky_breakpoint\":\"m\",\"width_small\":\"2-3\"},\"children\":[{\"type\":\"headline\",\"props\":{\"image_align\":\"left\",\"image_margin\":\"xsmall\",\"margin\":\"large\",\"margin_remove_bottom\":true,\"margin_remove_top\":false,\"title_decoration\":\"line\",\"title_element\":\"h2\",\"title_style\":\"h2\"},\"source\":{\"query\":{\"name\":\"pages.singlePage\"},\"props\":{\"content\":{\"name\":\"title\"}}}},{\"type\":\"text\",\"props\":{\"column_breakpoint\":\"m\",\"content\":\"Cristina a absolvit Facultatea de Drept din cadrul Universit\u0103\u021bii Bucure\u0219ti, Rom\u00e2nia. Dup\u0103 calificarea ca notar public \u00een Rom\u00e2nia (notar public de drept civil), Cristina \u0219i-a \u00eenceput cariera \u00een cadrul unui birou notarial individual din Bucure\u0219ti, unde a acumulat o vast\u0103 experien\u021b\u0103 ocup\u00e2ndu-se de o gam\u0103 larg\u0103 de cauze civile legate de Dreptul Familiei, Succesiuni \u0219i Legea Propriet\u0103\u021bii. A devenit notar definitiv \u00een 2009 \u0219i a de\u021binut aceast\u0103 pozi\u021bie timp de 6 ani.\\n\n\n\\n\u00cenainte de a \u00eenfiin\u021ba AUTHENTICA NOTARIES, Cristina s-a preg\u0103tit pentru a deveni notar public \u00een Anglia \u0219i \u021aara Galilor \u00een timp ce a lucrat \u00een calitate de consultant pentru un birou notarial \u00een centrul Londrei, unde a c\u00e2\u0219tigat experien\u021b\u0103 \u00een toate tipurile de cauze. Scopul ei este de a-\u0219i folosi cuno\u0219tin\u021bele \u0219i experien\u021ba vast\u0103 acumulate ca notar de drept civil (notar public rom\u00e2n\/ \u201eNotar rom\u00e2n\u201c) pentru a furniza servicii notariale \u00een UK adresate comunit\u0103\u021bii rom\u00e2ne \u0219i altor comunit\u0103\u021bi din Marea Britanie provenite din \u021b\u0103ri de drept civil.\\n\n\n\\nEste implicat\u0103 activ \u00een Comunitatea Notarial\u0103 din Rom\u00e2nia \u0219i particip\u0103 la conferin\u021be notariale \u00een \u00eentreaga lume. A dob\u00e2ndit experienta practic\u0103 \u00eentr-o serie de birouri notariale de renume din Italia, Fran\u021ba, Ungaria \u0219i Republica Moldova. Cristina este un c\u0103l\u0103tor pasionat, care doreste in permanenta s\u0103-\u0219i l\u0103rgeasc\u0103 orizontul.\",\"margin\":\"default\",\"margin_bottom\":\"default\",\"margin_top\":\"default\",\"text_align\":\"justify\"}}]},{\"type\":\"column\",\"props\":{\"image_position\":\"center-center\",\"position_sticky_breakpoint\":\"m\",\"width_small\":\"1-3\"},\"children\":[{\"type\":\"headline\",\"props\":{\"content\":\" Authentica Notaries\\n\",\"image_align\":\"left\",\"image_margin\":\"xsmall\",\"title_decoration\":\"bullet\",\"title_element\":\"h3\",\"title_style\":\"h4\"}},{\"type\":\"panel\",\"props\":{\"content\":\"\n\n<p>Calificat \u00een Anglia, Tara Galilor \u0219i Rom\u00e2nia<\/p>\n\n\",\"content_column_breakpoint\":\"m\",\"icon_width\":80,\"image\":\"wp-content\/uploads\/2026\/03\/Cristina_Mihalache_Bertolini.jpg\",\"image_align\":\"top\",\"image_alt\":\"Notar Londra Cristina Mihalache Bertolini\",\"image_grid_breakpoint\":\"m\",\"image_grid_width\":\"1-2\",\"image_svg_color\":\"emphasis\",\"image_width\":\"610\",\"link_style\":\"\",\"link_text\":\"peter@example.com\",\"margin\":\"default\",\"margin_bottom\":\"default\",\"margin_top\":\"default\",\"meta\":\"Notar Public \u00een Londra\",\"meta_align\":\"below-title\",\"meta_element\":\"div\",\"meta_style\":\"text-meta\",\"title\":\"Cristina  M.  Mihalache  Bertolini   \",\"title_align\":\"top\",\"title_element\":\"h4\",\"title_grid_breakpoint\":\"m\",\"title_grid_width\":\"1-2\",\"title_hover_style\":\"reset\"}}]}]}]},{\"name\":\"Why you should choose us\",\"type\":\"section\",\"props\":{\"image_position\":\"center-center\",\"padding_remove_top\":true,\"style\":\"default\",\"title_breakpoint\":\"xl\",\"title_position\":\"top-left\",\"title_rotation\":\"left\",\"vertical_align\":\"\",\"width\":\"default\"},\"children\":[{\"type\":\"row\",\"props\":{\"column_gap\":\"large\",\"layout\":\"2-3,1-3\",\"row_gap\":\"large\"},\"children\":[{\"type\":\"column\",\"props\":{\"image_position\":\"center-center\",\"position_sticky_breakpoint\":\"m\",\"width_small\":\"2-3\"},\"children\":[{\"type\":\"button\",\"props\":{\"grid_column_gap\":\"small\",\"grid_row_gap\":\"small\",\"margin\":\"medium\",\"margin_bottom\":\"default\",\"margin_remove_top\":true,\"margin_top\":\"default\"},\"children\":[{\"type\":\"button_item\",\"props\":{\"button_style\":\"link-text\",\"content\":\"Location\",\"dialog_layout\":\"modal\",\"dialog_offcanvas_flip\":true,\"icon\":\"arrow-right\",\"icon_align\":\"left\",\"link\":\"?page_id=12\"}}]}]},{\"type\":\"column\",\"props\":{\"image_position\":\"center-center\",\"position_sticky_breakpoint\":\"m\",\"width_small\":\"1-3\"}}]}]}],\"version\":\"5.0.24\"} --><\/p>\n","protected":false},"excerpt":{"rendered":"<p>Cristina a absolvit Facultatea de Drept din cadrul Universit\u0103\u021bii Bucure\u0219ti, Rom\u00e2nia. Dup\u0103 calificarea ca notar public \u00een Rom\u00e2nia (notar public de drept civil), Cristina \u0219i-a \u00eenceput cariera \u00een cadrul unui birou notarial individual din Bucure\u0219ti, unde a acumulat o vast\u0103 experien\u021b\u0103 ocup\u00e2ndu-se de o gam\u0103 larg\u0103 de cauze civile legate de Dreptul Familiei, Succesiuni \u0219i [&hellip;]<\/p>\n","protected":false},"author":1,"featured_media":0,"parent":0,"menu_order":0,"comment_status":"closed","ping_status":"closed","template":"","meta":{"footnotes":""},"class_list":["post-16","page","type-page","status-publish","hentry"],"aioseo_notices":[],"aioseo_head":"\n\t\t<!-- All in One SEO Pro 4.9.6.2 - aioseo.com -->\n\t<meta name=\"description\" content=\"Cristina a absolvit Facultatea de Drept din cadrul Universit\u0103\u021bii Bucure\u0219ti, Rom\u00e2nia. Dup\u0103 calificarea ca notar public \u00een Rom\u00e2nia (notar public de drept civil), Cristina \u0219i-a \u00eenceput cariera \u00een cadrul unui birou notarial individual din Bucure\u0219ti, unde a acumulat o vast\u0103 experien\u021b\u0103 ocup\u00e2ndu-se de o gam\u0103 larg\u0103 de cauze civile legate de Dreptul Familiei, Succesiuni \u0219i\" \/>\n\t<meta name=\"robots\" content=\"max-image-preview:large\" \/>\n\t<link rel=\"canonical\" href=\"https:\/\/authenticanotaries.co.uk\/en\/despre\/\" \/>\n\t<meta name=\"generator\" content=\"All in One SEO Pro (AIOSEO) 4.9.6.2\" \/>\n\t\t<meta property=\"og:locale\" content=\"en_GB\" \/>\n\t\t<meta property=\"og:site_name\" content=\"Authentica Notaries - Notar public rom\u00e2n Londra - Servicii Notariale\" \/>\n\t\t<meta property=\"og:type\" content=\"article\" \/>\n\t\t<meta property=\"og:title\" content=\"Despre - Authentica Notaries\" \/>\n\t\t<meta property=\"og:description\" content=\"Cristina a absolvit Facultatea de Drept din cadrul Universit\u0103\u021bii Bucure\u0219ti, Rom\u00e2nia. Dup\u0103 calificarea ca notar public \u00een Rom\u00e2nia (notar public de drept civil), Cristina \u0219i-a \u00eenceput cariera \u00een cadrul unui birou notarial individual din Bucure\u0219ti, unde a acumulat o vast\u0103 experien\u021b\u0103 ocup\u00e2ndu-se de o gam\u0103 larg\u0103 de cauze civile legate de Dreptul Familiei, Succesiuni \u0219i\" \/>\n\t\t<meta property=\"og:url\" content=\"https:\/\/authenticanotaries.co.uk\/en\/despre\/\" \/>\n\t\t<meta property=\"article:published_time\" content=\"2026-03-22T18:38:46+00:00\" \/>\n\t\t<meta property=\"article:modified_time\" content=\"2026-03-23T15:48:49+00:00\" \/>\n\t\t<meta property=\"article:publisher\" content=\"https:\/\/www.facebook.com\/NotarLondra\" \/>\n\t\t<meta name=\"twitter:card\" content=\"summary_large_image\" \/>\n\t\t<meta name=\"twitter:title\" content=\"Despre - Authentica Notaries\" \/>\n\t\t<meta name=\"twitter:description\" content=\"Cristina a absolvit Facultatea de Drept din cadrul Universit\u0103\u021bii Bucure\u0219ti, Rom\u00e2nia. Dup\u0103 calificarea ca notar public \u00een Rom\u00e2nia (notar public de drept civil), Cristina \u0219i-a \u00eenceput cariera \u00een cadrul unui birou notarial individual din Bucure\u0219ti, unde a acumulat o vast\u0103 experien\u021b\u0103 ocup\u00e2ndu-se de o gam\u0103 larg\u0103 de cauze civile legate de Dreptul Familiei, Succesiuni \u0219i\" \/>\n\t\t<script type=\"application\/ld+json\" class=\"aioseo-schema\">\n\t\t\t{\"@context\":\"https:\\\/\\\/schema.org\",\"@graph\":[{\"@type\":\"BreadcrumbList\",\"@id\":\"https:\\\/\\\/authenticanotaries.co.uk\\\/en\\\/despre\\\/#breadcrumblist\",\"itemListElement\":[{\"@type\":\"ListItem\",\"@id\":\"https:\\\/\\\/authenticanotaries.co.uk\\\/en#listItem\",\"position\":1,\"name\":\"Home\",\"item\":\"https:\\\/\\\/authenticanotaries.co.uk\\\/en\",\"nextItem\":{\"@type\":\"ListItem\",\"@id\":\"https:\\\/\\\/authenticanotaries.co.uk\\\/en\\\/despre\\\/#listItem\",\"name\":\"Despre\"}},{\"@type\":\"ListItem\",\"@id\":\"https:\\\/\\\/authenticanotaries.co.uk\\\/en\\\/despre\\\/#listItem\",\"position\":2,\"name\":\"Despre\",\"previousItem\":{\"@type\":\"ListItem\",\"@id\":\"https:\\\/\\\/authenticanotaries.co.uk\\\/en#listItem\",\"name\":\"Home\"}}]},{\"@type\":\"Organization\",\"@id\":\"https:\\\/\\\/authenticanotaries.co.uk\\\/en\\\/#organization\",\"name\":\"Authentica Notaries\",\"description\":\"Notar public rom\\u00e2n Londra - Servicii Notariale\",\"url\":\"https:\\\/\\\/authenticanotaries.co.uk\\\/en\\\/\",\"telephone\":\"+442039506499\",\"logo\":{\"@type\":\"ImageObject\",\"url\":\"https:\\\/\\\/authenticanotaries.co.uk\\\/wp-content\\\/uploads\\\/2026\\\/03\\\/logo-an-02-1080.jpg\",\"@id\":\"https:\\\/\\\/authenticanotaries.co.uk\\\/en\\\/despre\\\/#organizationLogo\",\"width\":1200,\"height\":1200,\"caption\":\"birou notarial \\u00een Londra\"},\"image\":{\"@id\":\"https:\\\/\\\/authenticanotaries.co.uk\\\/en\\\/despre\\\/#organizationLogo\"},\"sameAs\":[\"https:\\\/\\\/www.facebook.com\\\/NotarLondra\",\"https:\\\/\\\/www.instagram.com\\\/notariat_londra\\\/\",\"https:\\\/\\\/www.tiktok.com\\\/@authenticanotaries\",\"https:\\\/\\\/www.youtube.com\\\/@AuthenticaNotaries\"]},{\"@type\":\"WebPage\",\"@id\":\"https:\\\/\\\/authenticanotaries.co.uk\\\/en\\\/despre\\\/#webpage\",\"url\":\"https:\\\/\\\/authenticanotaries.co.uk\\\/en\\\/despre\\\/\",\"name\":\"Despre - Authentica Notaries\",\"description\":\"Cristina a absolvit Facultatea de Drept din cadrul Universit\\u0103\\u021bii Bucure\\u0219ti, Rom\\u00e2nia. Dup\\u0103 calificarea ca notar public \\u00een Rom\\u00e2nia (notar public de drept civil), Cristina \\u0219i-a \\u00eenceput cariera \\u00een cadrul unui birou notarial individual din Bucure\\u0219ti, unde a acumulat o vast\\u0103 experien\\u021b\\u0103 ocup\\u00e2ndu-se de o gam\\u0103 larg\\u0103 de cauze civile legate de Dreptul Familiei, Succesiuni \\u0219i\",\"inLanguage\":\"en-GB\",\"isPartOf\":{\"@id\":\"https:\\\/\\\/authenticanotaries.co.uk\\\/en\\\/#website\"},\"breadcrumb\":{\"@id\":\"https:\\\/\\\/authenticanotaries.co.uk\\\/en\\\/despre\\\/#breadcrumblist\"},\"datePublished\":\"2026-03-22T18:38:46+00:00\",\"dateModified\":\"2026-03-23T15:48:49+00:00\"},{\"@type\":\"WebSite\",\"@id\":\"https:\\\/\\\/authenticanotaries.co.uk\\\/en\\\/#website\",\"url\":\"https:\\\/\\\/authenticanotaries.co.uk\\\/en\\\/\",\"name\":\"Authentica Notaries\",\"description\":\"Notar public rom\\u00e2n Londra - Servicii Notariale\",\"inLanguage\":\"en-GB\",\"publisher\":{\"@id\":\"https:\\\/\\\/authenticanotaries.co.uk\\\/en\\\/#organization\"}}]}\n\t\t<\/script>\n\t\t<!-- All in One SEO Pro -->\r\n\t\t<title>Despre - Authentica Notaries<\/title>\n\n","aioseo_head_json":{"title":"About - Authentica Notaries","description":"Cristina graduated from the Law Faculty of the University of Bucharest, Romania. After qualifying as a notary public in Romania (civil law notary public), Cristina started her career in an individual notary's office in Bucharest, where she gained extensive experience in a wide range of civil cases related to Family Law, Inheritance and Succession Law","canonical_url":"https:\/\/authenticanotaries.co.uk\/en\/despre\/","robots":"max-image-preview:large","keywords":"","webmasterTools":{"miscellaneous":""},"schema":{"@context":"https:\/\/schema.org","@graph":[{"@type":"BreadcrumbList","@id":"https:\/\/authenticanotaries.co.uk\/en\/despre\/#breadcrumblist","itemListElement":[{"@type":"ListItem","@id":"https:\/\/authenticanotaries.co.uk\/en#listItem","position":1,"name":"Home","item":"https:\/\/authenticanotaries.co.uk\/en","nextItem":{"@type":"ListItem","@id":"https:\/\/authenticanotaries.co.uk\/en\/despre\/#listItem","name":"Despre"}},{"@type":"ListItem","@id":"https:\/\/authenticanotaries.co.uk\/en\/despre\/#listItem","position":2,"name":"Despre","previousItem":{"@type":"ListItem","@id":"https:\/\/authenticanotaries.co.uk\/en#listItem","name":"Home"}}]},{"@type":"Organization","@id":"https:\/\/authenticanotaries.co.uk\/en\/#organization","name":"Authentica Notaries","description":"Notar public rom\u00e2n Londra - Servicii Notariale","url":"https:\/\/authenticanotaries.co.uk\/en\/","telephone":"+442039506499","logo":{"@type":"ImageObject","url":"https:\/\/authenticanotaries.co.uk\/wp-content\/uploads\/2026\/03\/logo-an-02-1080.jpg","@id":"https:\/\/authenticanotaries.co.uk\/en\/despre\/#organizationLogo","width":1200,"height":1200,"caption":"birou notarial \u00een Londra"},"image":{"@id":"https:\/\/authenticanotaries.co.uk\/en\/despre\/#organizationLogo"},"sameAs":["https:\/\/www.facebook.com\/NotarLondra","https:\/\/www.instagram.com\/notariat_londra\/","https:\/\/www.tiktok.com\/@authenticanotaries","https:\/\/www.youtube.com\/@AuthenticaNotaries"]},{"@type":"WebPage","@id":"https:\/\/authenticanotaries.co.uk\/en\/despre\/#webpage","url":"https:\/\/authenticanotaries.co.uk\/en\/despre\/","name":"Despre - Authentica Notaries","description":"Cristina a absolvit Facultatea de Drept din cadrul Universit\u0103\u021bii Bucure\u0219ti, Rom\u00e2nia. Dup\u0103 calificarea ca notar public \u00een Rom\u00e2nia (notar public de drept civil), Cristina \u0219i-a \u00eenceput cariera \u00een cadrul unui birou notarial individual din Bucure\u0219ti, unde a acumulat o vast\u0103 experien\u021b\u0103 ocup\u00e2ndu-se de o gam\u0103 larg\u0103 de cauze civile legate de Dreptul Familiei, Succesiuni \u0219i","inLanguage":"en-GB","isPartOf":{"@id":"https:\/\/authenticanotaries.co.uk\/en\/#website"},"breadcrumb":{"@id":"https:\/\/authenticanotaries.co.uk\/en\/despre\/#breadcrumblist"},"datePublished":"2026-03-22T18:38:46+00:00","dateModified":"2026-03-23T15:48:49+00:00"},{"@type":"WebSite","@id":"https:\/\/authenticanotaries.co.uk\/en\/#website","url":"https:\/\/authenticanotaries.co.uk\/en\/","name":"Authentica Notaries","description":"Notar public rom\u00e2n Londra - Servicii Notariale","inLanguage":"en-GB","publisher":{"@id":"https:\/\/authenticanotaries.co.uk\/en\/#organization"}}]},"og:locale":"en_GB","og:site_name":"Authentica Notaries - Notar public rom\u00e2n Londra - Servicii Notariale","og:type":"article","og:title":"Despre - Authentica Notaries","og:description":"Cristina a absolvit Facultatea de Drept din cadrul Universit\u0103\u021bii Bucure\u0219ti, Rom\u00e2nia. Dup\u0103 calificarea ca notar public \u00een Rom\u00e2nia (notar public de drept civil), Cristina \u0219i-a \u00eenceput cariera \u00een cadrul unui birou notarial individual din Bucure\u0219ti, unde a acumulat o vast\u0103 experien\u021b\u0103 ocup\u00e2ndu-se de o gam\u0103 larg\u0103 de cauze civile legate de Dreptul Familiei, Succesiuni \u0219i","og:url":"https:\/\/authenticanotaries.co.uk\/en\/despre\/","article:published_time":"2026-03-22T18:38:46+00:00","article:modified_time":"2026-03-23T15:48:49+00:00","article:publisher":"https:\/\/www.facebook.com\/NotarLondra","twitter:card":"summary_large_image","twitter:title":"Despre - Authentica Notaries","twitter:description":"Cristina a absolvit Facultatea de Drept din cadrul Universit\u0103\u021bii Bucure\u0219ti, Rom\u00e2nia. Dup\u0103 calificarea ca notar public \u00een Rom\u00e2nia (notar public de drept civil), Cristina \u0219i-a \u00eenceput cariera \u00een cadrul unui birou notarial individual din Bucure\u0219ti, unde a acumulat o vast\u0103 experien\u021b\u0103 ocup\u00e2ndu-se de o gam\u0103 larg\u0103 de cauze civile legate de Dreptul Familiei, Succesiuni \u0219i"},"aioseo_meta_data":{"post_id":"16","title":null,"description":null,"keywords":null,"keyphrases":null,"primary_term":null,"canonical_url":null,"og_title":null,"og_description":null,"og_object_type":"default","og_image_type":"default","og_image_url":null,"og_image_width":null,"og_image_height":null,"og_image_custom_url":null,"og_image_custom_fields":null,"og_video":null,"og_custom_url":null,"og_article_section":null,"og_article_tags":null,"twitter_use_og":false,"twitter_card":"default","twitter_image_type":"default","twitter_image_url":null,"twitter_image_custom_url":null,"twitter_image_custom_fields":null,"twitter_title":null,"twitter_description":null,"schema":{"blockGraphs":[],"customGraphs":[],"default":{"data":{"Article":[],"Course":[],"Dataset":[],"FAQPage":[],"Movie":[],"Person":[],"Product":[],"ProductReview":[],"Car":[],"Recipe":[],"Service":[],"SoftwareApplication":[],"WebPage":[]},"graphName":"","isEnabled":true},"graphs":[]},"schema_type":"default","schema_type_options":null,"pillar_content":false,"robots_default":true,"robots_noindex":false,"robots_noarchive":false,"robots_nosnippet":false,"robots_nofollow":false,"robots_noimageindex":false,"robots_noodp":false,"robots_notranslate":false,"robots_max_snippet":null,"robots_max_videopreview":null,"robots_max_imagepreview":"large","priority":null,"frequency":null,"local_seo":null,"seo_analyzer_scan_date":"2026-03-23 17:08:03","breadcrumb_settings":null,"limit_modified_date":false,"open_ai":null,"ai":null,"created":"2026-03-23 17:08:03","updated":"2026-03-23 17:13:44"},"aioseo_breadcrumb":"<div class=\"aioseo-breadcrumbs\"><span class=\"aioseo-breadcrumb\">\n\t<a href=\"https:\/\/authenticanotaries.co.uk\/en\" title=\"Home\">Home<\/a>\n<\/span><span class=\"aioseo-breadcrumb-separator\">&raquo;<\/span><span class=\"aioseo-breadcrumb\">\n\tDespre\n<\/span><\/div>","aioseo_breadcrumb_json":[{"label":"Home","link":"https:\/\/authenticanotaries.co.uk\/en"},{"label":"Despre","link":"https:\/\/authenticanotaries.co.uk\/en\/despre\/"}],"_links":{"self":[{"href":"https:\/\/authenticanotaries.co.uk\/en\/wp-json\/wp\/v2\/pages\/16","targetHints":{"allow":["GET"]}}],"collection":[{"href":"https:\/\/authenticanotaries.co.uk\/en\/wp-json\/wp\/v2\/pages"}],"about":[{"href":"https:\/\/authenticanotaries.co.uk\/en\/wp-json\/wp\/v2\/types\/page"}],"author":[{"embeddable":true,"href":"https:\/\/authenticanotaries.co.uk\/en\/wp-json\/wp\/v2\/users\/1"}],"replies":[{"embeddable":true,"href":"https:\/\/authenticanotaries.co.uk\/en\/wp-json\/wp\/v2\/comments?post=16"}],"version-history":[{"count":3,"href":"https:\/\/authenticanotaries.co.uk\/en\/wp-json\/wp\/v2\/pages\/16\/revisions"}],"predecessor-version":[{"id":115,"href":"https:\/\/authenticanotaries.co.uk\/en\/wp-json\/wp\/v2\/pages\/16\/revisions\/115"}],"wp:attachment":[{"href":"https:\/\/authenticanotaries.co.uk\/en\/wp-json\/wp\/v2\/media?parent=16"}],"curies":[{"name":"WP","href":"https:\/\/api.w.org\/{rel}","templated":true}]}}