{"id":22,"date":"2026-03-22T18:39:33","date_gmt":"2026-03-22T18:39:33","guid":{"rendered":"https:\/\/authenticanotaries.co.uk\/?page_id=22"},"modified":"2026-03-23T20:42:48","modified_gmt":"2026-03-23T20:42:48","slug":"presupuesto","status":"publish","type":"page","link":"https:\/\/authenticanotaries.co.uk\/es\/cotatie\/","title":{"rendered":"Presupuesto"},"content":{"rendered":"<h1>AUTHENTICA NOTARIES<\/h1>\n<h1>OB\u021aINE O COTA\u021aIE<\/h1>\n<div>Se pot aplica diferite taxe, \u00een func\u021bie de tipul \u0219i cantitatea documentelor pe care le ave\u021bi pentru <b>notariat Londra<\/b> Authentica Notaries. Utiliza\u021bi formularul de mai jos pentru a ob\u021bine o ofert\u0103 sau pentru a v\u0103 adresa o \u00eentrebare Cristinei M. Mihalache Bertolini, <b>notar rom\u00e2n \u00een Londra<\/b>.<br \/>\nDe asemenea, pute\u021bi s\u0103 ne trimite\u021bi prin e-mail <b><a class=\"uk-link-text\" href=\"mailto:info@authenticanotaries.co.uk\"> info@authenticanotaries.co.uk<\/a><\/b> sau <br \/>s\u0103 ne suna\u021bi la num\u0103rul de telefon <b><a class=\"uk-link-text\" href=\"tel:+44 (0) 20 3950 6499\">+44 (0) 20 3950 6499<\/a><\/b>.<br \/>V\u0103 a\u0219tept\u0103m s\u0103 ne contacta\u021bi.<\/div>\n<div>\n<div class='fluentform ff-default fluentform_wrapper_4 ffs_default_wrap'><form data-form_id=\"4\" id=\"fluentform_4\" class=\"frm-fluent-form fluent_form_4 ff-el-form-top ff_form_instance_4_1 ff-form-loading ffs_default\" data-form_instance=\"ff_form_instance_4_1\" method=\"POST\" ><fieldset  style=\"border: none!important;margin: 0!important;padding: 0!important;background-color: transparent!important;box-shadow: none!important;outline: none!important; min-inline-size: 100%;\">\n                    <legend class=\"ff_screen_reader_title\" style=\"display: block; margin: 0!important;padding: 0!important;height: 0!important;text-indent: -999999px;width: 0!important;overflow:hidden;\">Contact Notary Office London<\/legend><input type='hidden' name='__fluent_form_embded_post_id' value='22' \/><input type=\"hidden\" id=\"_fluentform_4_fluentformnonce\" name=\"_fluentform_4_fluentformnonce\" value=\"a4994f38b4\" \/><input type=\"hidden\" name=\"_wp_http_referer\" value=\"\/es\/wp-json\/wp\/v2\/pages\/22\" \/><div data-type=\"name-element\" data-name=\"full_name\" class=\" ff-field_container ff-name-field-wrapper\" ><div class='ff-t-container'><div class='ff-t-cell '><div class='ff-el-group ff-el-form-top'><div class=\"ff-el-input--label ff-el-is-required asterisk-right\"><label for='ff_4_full_name_first_name_' id='label_ff_4_full_name_first_name_' >Prenume<\/label><\/div><div class='ff-el-input--content'><input type=\"text\" name=\"full_name[first_name]\" id=\"ff_4_full_name_first_name_\" class=\"ff-el-form-control\" placeholder=\"Prenume\" aria-invalid=\"false\" aria-required=true><\/div><\/div><\/div><div class='ff-t-cell '><div class='ff-el-group ff-el-form-top'><div class=\"ff-el-input--label ff-el-is-required asterisk-right\"><label for='ff_4_full_name_last_name_' id='label_ff_4_full_name_last_name_' >Nume<\/label><\/div><div class='ff-el-input--content'><input type=\"text\" name=\"full_name[last_name]\" id=\"ff_4_full_name_last_name_\" class=\"ff-el-form-control\" placeholder=\"Nume\" aria-invalid=\"false\" aria-required=true><\/div><\/div><\/div><\/div><\/div><div class='ff-el-group'><div class=\"ff-el-input--label ff-el-is-required asterisk-right\"><label for='ff_4_email' id='label_ff_4_email' aria-label=\"Email\">Email<\/label><\/div><div class='ff-el-input--content'><input type=\"email\" name=\"email\" id=\"ff_4_email\" class=\"ff-el-form-control\" placeholder=\"Adres\u0103 de e-mail\" data-name=\"email\"  aria-invalid=\"false\" aria-required=true><\/div><\/div><div class='ff-el-group'><div class=\"ff-el-input--label ff-el-is-required asterisk-right\"><label for='ff_4_phone' id='label_ff_4_phone' aria-label=\"Phone Number\">Phone Number<\/label><\/div><div class='ff-el-input--content'><input name=\"phone\" class=\"ff-el-form-control ff-el-phone ff_el_with_extended_validation\" type=\"tel\" placeholder=\"Num\u0103r de telefon\" data-name=\"phone\" id=\"ff_4_phone\" inputmode=\"tel\"  aria-invalid='false' aria-required=true><\/div><\/div><div class='ff-el-group'><div class=\"ff-el-input--label ff-el-is-required asterisk-right\"><label for='ff_4_service_description' id='label_ff_4_service_description' aria-label=\"Descrie\u021bi serviciul de care ave\u021bi nevoie.\">Descrie\u021bi serviciul de care ave\u021bi nevoie.<\/label><\/div><div class='ff-el-input--content'><textarea aria-required=\"true\" aria-labelledby=\"label_ff_4_service_description\" name=\"service_description\" id=\"ff_4_service_description\" class=\"ff-el-form-control uk-input\" placeholder=\"Descrie\u021bi serviciul de care ave\u021bi nevoie...\" rows=\"5\" cols=\"2\" data-name=\"service_description\" ><\/textarea><\/div><\/div><div data-name=\"ff_cn_id_1\"  class='ff-t-container ff-column-container ff_columns_total_1 '><div class='ff-t-cell ff-t-column-1' style='flex-basis: %;'><div class='ff-el-group  ff-dropzone'><div class=\"ff-el-input--label asterisk-right\"><label for='ff_4_document_2_1' id='label_ff_4_document_2_1' aria-label=\"Document\">Document<\/label><div class=\"ff-el-tooltip\" data-content=\"Dimensiunea maxim\u0103 total\u0103 este de 10 MB.\"><svg width=\"16\" height=\"16\" viewBox=\"0 0 25 25\"><path d=\"m329 393l0-46c0-2-1-4-2-6-2-2-4-3-7-3l-27 0 0-146c0-3-1-5-3-7-2-1-4-2-7-2l-91 0c-3 0-5 1-7 2-1 2-2 4-2 7l0 46c0 2 1 5 2 6 2 2 4 3 7 3l27 0 0 91-27 0c-3 0-5 1-7 3-1 2-2 4-2 6l0 46c0 3 1 5 2 7 2 1 4 2 7 2l128 0c3 0 5-1 7-2 1-2 2-4 2-7z m-36-256l0-46c0-2-1-4-3-6-2-2-4-3-7-3l-54 0c-3 0-5 1-7 3-2 2-3 4-3 6l0 46c0 3 1 5 3 7 2 1 4 2 7 2l54 0c3 0 5-1 7-2 2-2 3-4 3-7z m182 119c0 40-9 77-29 110-20 34-46 60-80 80-33 20-70 29-110 29-40 0-77-9-110-29-34-20-60-46-80-80-20-33-29-70-29-110 0-40 9-77 29-110 20-34 46-60 80-80 33-20 70-29 110-29 40 0 77 9 110 29 34 20 60 46 80 80 20 33 29 70 29 110z\" transform=\"scale(0.046875 0.046875)\"><\/path><\/svg><\/div><\/div><div class='ff-el-input--content'><label for='ff_4_document_2_1' class='ff_file_upload_holder'><span class='ff_upload_btn ff-btn' tabindex='0'>Choose File<\/span> <input type=\"file\" name=\"document_2\" id=\"ff_4_document_2_1\" class=\"ff-el-form-control  ff-screen-reader-element\" data-name=\"document_2\" multiple=\"1\"  aria-invalid='false' aria-required=false><\/label><\/div><\/div><\/div><\/div><div class='ff-el-group    ff-el-input--content'><div class='ff-el-form-check ff-el-tc'><label aria-label='Sunt de acord ca acest site web s\u0103 stocheze informa\u021biile trimise de mine pentru a putea r\u0103spunde solicit\u0103rii mele.' class='ff-el-form-check-label ff_tc_label' for=gdpr_agreement_8d6f5e6a2ee6047e5a45f0b71e35cea6><span class='ff_tc_checkbox'><input type=\"checkbox\" name=\"gdpr_agreement\" class=\"ff-el-form-check-input ff_gdpr_field\" data-name=\"gdpr_agreement\" id=\"gdpr_agreement_8d6f5e6a2ee6047e5a45f0b71e35cea6\"  value='on' aria-invalid='false' aria-required=true><\/span> <div class='ff_t_c'>Sunt de acord ca acest site web s\u0103 stocheze informa\u021biile trimise de mine pentru a putea r\u0103spunde solicit\u0103rii mele.<\/div><\/label><\/div><\/div><div class='ff-el-group ff-text-left ff_submit_btn_wrapper'><button type=\"submit\" class=\"ff-btn ff-btn-submit ff-btn-md ff_btn_style wpf_has_custom_css\"  aria-label=\"Trimite\">Trimite<\/button><\/div><\/fieldset><\/form><div id='fluentform_4_errors' class='ff-errors-in-stack ff_form_instance_4_1 ff-form-loading_errors ff_form_instance_4_1_errors'><\/div><\/div>            <script type=\"text\/javascript\">\n                window.fluent_form_ff_form_instance_4_1 = {\"id\":\"4\",\"ajaxUrl\":\"https:\\\/\\\/authenticanotaries.co.uk\\\/wp-admin\\\/admin-ajax.php\",\"settings\":{\"layout\":{\"labelPlacement\":\"top\",\"asteriskPlacement\":\"asterisk-right\",\"helpMessagePlacement\":\"with_label\",\"errorMessagePlacement\":\"inline\",\"cssClassName\":\"\"},\"restrictions\":{\"denyEmptySubmission\":{\"enabled\":false}}},\"form_instance\":\"ff_form_instance_4_1\",\"form_id_selector\":\"fluentform_4\",\"rules\":{\"full_name[first_name]\":{\"required\":{\"value\":true,\"message\":\"Please enter your first name.\",\"global\":false,\"global_message\":\"This field is required\"}},\"full_name[middle_name]\":{\"required\":{\"value\":false,\"message\":\"Este campo es obligatorio\",\"global_message\":\"This field is required\",\"global\":true}},\"full_name[last_name]\":{\"required\":{\"value\":true,\"message\":\"Please enter your last name.\",\"global\":false,\"global_message\":\"This field is required\"}},\"email\":{\"required\":{\"value\":true,\"message\":\"V\\u0103 rug\\u0103m s\\u0103 introduce\\u021bi adresa dumneavoastr\\u0103 de e-mail.\",\"global\":false,\"global_message\":\"This field is required\"},\"email\":{\"value\":true,\"message\":\"V\\u0103 rug\\u0103m s\\u0103 introduce\\u021bi o adres\\u0103 de email valid\\u0103.\",\"global\":false,\"global_message\":\"This field must contain a valid email\"}},\"phone\":{\"required\":{\"value\":true,\"message\":\"V\\u0103 rug\\u0103m s\\u0103 introduce\\u021bi num\\u0103rul dumneavoastr\\u0103 de telefon.\",\"global\":false,\"global_message\":\"This field is required\"},\"valid_phone_number\":{\"value\":true,\"message\":\"V\\u0103 rug\\u0103m s\\u0103 introduce\\u021bi un num\\u0103r de telefon valid.\",\"global\":false,\"global_message\":\"Phone number is not valid\"}},\"service_description\":{\"required\":{\"value\":true,\"message\":\"Descrie\\u021bi serviciul de care ave\\u021bi nevoie...\",\"global\":false,\"global_message\":\"This field is required\"}},\"document_2\":{\"required\":{\"value\":false,\"message\":\"Please upload document 2.\",\"global\":false,\"global_message\":\"This field is required\"},\"max_file_size\":{\"value\":10485760,\"message\":\"Dimensiunea maxim\\u0103 total\\u0103 este de 10 MB.\",\"global\":false,\"global_message\":\"Validation fails for maximum file size\",\"_valueFrom\":\"MB\"},\"max_file_count\":{\"value\":\"5\",\"message\":\"Pute\\u021bi \\u00eenc\\u0103rca 5 fi\\u0219iere \\u00een acest c\\u00e2mp.\",\"global\":false,\"global_message\":\"Validation fails for maximum file count\"},\"allowed_file_types\":{\"value\":[\"jpg|jpeg|gif|png|bmp\",\"pdf\",\"doc|ppt|pps|xls|mdb|docx|xlsx|pptx|odt|odp|ods|odg|odc|odb|odf|rtf|txt\",\"zip|gz|gzip|rar|7z\",\"csv\"],\"message\":\"Tipurile de fi\\u0219iere permise nu corespund\",\"global\":false,\"global_message\":\"Invalid file type\"}},\"gdpr_agreement\":{\"required\":{\"value\":true,\"message\":\"V\\u0103 rug\\u0103m s\\u0103 accepta\\u021bi acordul GDPR.\",\"global\":false,\"global_message\":\"This field is required\"}}},\"debounce_time\":300};\n                            <\/script>\n            <\/div>\n<hr>\n<p><!--more--><br \/>\n<!-- {\"type\":\"layout\",\"children\":[{\"name\":\"Hero\",\"type\":\"section\",\"props\":{\"animation\":\"slide-top-medium\",\"css\":\".el-section {\\n    margin-top:-40px; \/* half of height *\/\\n}\",\"header_transparent\":true,\"header_transparent_noplaceholder\":false,\"header_transparent_text_color\":\"dark\",\"height\":\"section\",\"height_offset_top\":true,\"height_viewport\":true,\"image\":\"wp-content\/uploads\/2026\/03\/hp-get-a-quote-4.jpg\",\"image_parallax_bgx\":\"200,0\",\"image_position\":\"top-center\",\"image_size\":\"cover\",\"padding_remove_bottom\":false,\"padding_remove_top\":true,\"preserve_color\":false,\"style\":\"secondary\",\"title_breakpoint\":\"xl\",\"title_position\":\"top-left\",\"title_rotation\":\"left\",\"vertical_align\":\"middle\",\"width\":\"default\"},\"children\":[{\"type\":\"row\",\"props\":{\"column_gap\":\"large\",\"divider\":false,\"layout\":\"large,expand\",\"margin_remove_bottom\":false,\"margin_remove_top\":false,\"row_gap\":\"large\"},\"children\":[{\"type\":\"column\",\"props\":{\"image_position\":\"center-center\",\"position_sticky_breakpoint\":\"m\",\"preserve_color\":false,\"width_medium\":\"2xlarge\"}},{\"type\":\"column\",\"props\":{\"image_position\":\"center-center\",\"position_sticky_breakpoint\":\"m\",\"width_medium\":\"expand\"}}]}]},{\"type\":\"section\",\"props\":{\"image_position\":\"center-center\",\"padding_remove_bottom\":true,\"style\":\"default\",\"title_breakpoint\":\"xl\",\"title_position\":\"top-left\",\"title_rotation\":\"left\",\"vertical_align\":\"\",\"width\":\"default\"},\"children\":[{\"type\":\"row\",\"props\":{\"layout\":\"1-2,1-2\"},\"children\":[{\"type\":\"column\",\"props\":{\"image_position\":\"center-center\",\"position_sticky_breakpoint\":\"m\",\"width_medium\":\"1-2\"},\"children\":[{\"type\":\"headline\",\"props\":{\"block_align\":\"center\",\"content\":\"AUTHENTICA NOTARIES\",\"image_align\":\"left\",\"image_margin\":\"xsmall\",\"margin_remove_bottom\":true,\"title_color\":\"primary\",\"title_element\":\"h1\",\"title_style\":\"h4\"}},{\"type\":\"headline\",\"props\":{\"block_align\":\"center\",\"content\":\"OB\u021aINE O COTA\u021aIE\",\"image_align\":\"left\",\"image_margin\":\"xsmall\",\"margin_remove_bottom\":true,\"margin_remove_top\":true,\"title_element\":\"h1\",\"title_style\":\"h2\"}},{\"type\":\"text\",\"props\":{\"column_breakpoint\":\"m\",\"content\":\"Se pot aplica diferite taxe, \u00een func\u021bie de tipul \u0219i cantitatea documentelor pe care le ave\u021bi pentru <b>notariat Londra<\/b> Authentica Notaries. Utiliza\u021bi formularul de mai jos pentru a ob\u021bine o ofert\u0103 sau pentru a v\u0103 adresa o \u00eentrebare Cristinei M. Mihalache Bertolini, <b>notar rom\u00e2n \u00een Londra<\/b>.<br \/>\\nDe asemenea, pute\u021bi s\u0103 ne trimite\u021bi prin e-mail <b><a class=\\\"uk-link-text\\\" href=\\\"mailto:info@authenticanotaries.co.uk\\\"> info@authenticanotaries.co.uk<\/a><\/b> sau <br \/>s\u0103 ne suna\u021bi la num\u0103rul de telefon <b><a class=\\\"uk-link-text\\\" href=\\\"tel:+44 (0) 20 3950 6499\\\">+44 (0) 20 3950 6499<\/a><\/b>.<br \/>V\u0103 a\u0219tept\u0103m s\u0103 ne contacta\u021bi.\",\"margin\":\"default\",\"margin_bottom\":\"default\",\"margin_top\":\"default\",\"text_align\":\"justify\"}}]},{\"type\":\"column\",\"props\":{\"image_position\":\"center-center\",\"position_sticky_breakpoint\":\"m\",\"width_medium\":\"1-2\"},\"children\":[{\"type\":\"html\",\"props\":{\"content\":\"[fluentform id=\\\"4\\\"]\"}}]}]},{\"type\":\"row\",\"children\":[{\"type\":\"column\",\"props\":{\"image_position\":\"center-center\",\"position_sticky_breakpoint\":\"m\",\"width_medium\":\"1-1\"},\"children\":[{\"type\":\"divider\",\"props\":{\"divider_element\":\"hr\"}}]}]}]}],\"version\":\"5.0.24\"} --><\/p>\n","protected":false},"excerpt":{"rendered":"<p>AUTHENTICA NOTARIES OB\u021aINE O COTA\u021aIE Se pot aplica diferite taxe, \u00een func\u021bie de tipul \u0219i cantitatea documentelor pe care le ave\u021bi pentru notariat Londra Authentica Notaries. Utiliza\u021bi formularul de mai jos pentru a ob\u021bine o ofert\u0103 sau pentru a v\u0103 adresa o \u00eentrebare Cristinei M. Mihalache Bertolini, notar rom\u00e2n \u00een Londra. De asemenea, pute\u021bi s\u0103 [&hellip;]<\/p>\n","protected":false},"author":1,"featured_media":0,"parent":0,"menu_order":0,"comment_status":"closed","ping_status":"closed","template":"","meta":{"footnotes":""},"class_list":["post-22","page","type-page","status-publish","hentry"],"aioseo_notices":[],"_links":{"self":[{"href":"https:\/\/authenticanotaries.co.uk\/es\/wp-json\/wp\/v2\/pages\/22","targetHints":{"allow":["GET"]}}],"collection":[{"href":"https:\/\/authenticanotaries.co.uk\/es\/wp-json\/wp\/v2\/pages"}],"about":[{"href":"https:\/\/authenticanotaries.co.uk\/es\/wp-json\/wp\/v2\/types\/page"}],"author":[{"embeddable":true,"href":"https:\/\/authenticanotaries.co.uk\/es\/wp-json\/wp\/v2\/users\/1"}],"replies":[{"embeddable":true,"href":"https:\/\/authenticanotaries.co.uk\/es\/wp-json\/wp\/v2\/comments?post=22"}],"version-history":[{"count":3,"href":"https:\/\/authenticanotaries.co.uk\/es\/wp-json\/wp\/v2\/pages\/22\/revisions"}],"predecessor-version":[{"id":127,"href":"https:\/\/authenticanotaries.co.uk\/es\/wp-json\/wp\/v2\/pages\/22\/revisions\/127"}],"wp:attachment":[{"href":"https:\/\/authenticanotaries.co.uk\/es\/wp-json\/wp\/v2\/media?parent=22"}],"curies":[{"name":"wp","href":"https:\/\/api.w.org\/{rel}","templated":true}]}}