{"id":24,"date":"2026-03-22T18:39:44","date_gmt":"2026-03-22T18:39:44","guid":{"rendered":"https:\/\/authenticanotaries.co.uk\/?page_id=24"},"modified":"2026-03-23T15:48:31","modified_gmt":"2026-03-23T15:48:31","slug":"forditas","status":"publish","type":"page","link":"https:\/\/authenticanotaries.co.uk\/hu\/traducere\/","title":{"rendered":"Ford\u00edt\u00e1s"},"content":{"rendered":"<h1>TRADUCERI AUTORIZATE UK<\/h1>\n<div>\n<p><b>Notar rom\u00e2n \u00een Londra<\/b> Cristina M. Mihalache Bertolini poate legaliza semnatura traduc\u0103torilor \u00eenregistra\u021bi sau certifica acurate\u021bea traducerii efectuate de <b>traduc\u0103tori califica\u021bi<\/b>, precum poate de asemenea emite documente direct \u00een limbi str\u0103ine<\/p>\n<\/div>\n<h4>PROCEDURA NOASTR\u0102<\/h4>\n<div><b>Servicii notariale \u00een UK<\/b> sunt solicitate de persoane care necesit\u0103 finalizarea unor tranzac\u021bii \u00een str\u0103in\u0103tate. Unele dintre documentele care necesit\u0103 <b>legalizare notarial\u0103<\/b> ar putea necesita, de asemenea, traducere \u00een limba relevant\u0103.<\/div>\n<hr>\n<h3>TRADUCERI LEGALIZATE \u00ceN UK<\/h3>\n<div>Putem traduce noi sau solicita <b>traducerea<\/b> documentelor dumneavoastr\u0103 pentru a le face accesibile \u0219i a fi acceptate de jurisdic\u021bii din str\u0103in\u0103tate dac\u0103 acestea solicit\u0103 <b>traducere<\/b>.<br \/>\nPutem <b>legaliza<\/b> semn\u0103tura traduc\u0103torilor c\u00e2t \u0219i <b>certifica<\/b> acurate\u021bea documentelor traduse de c\u0103tre <b>traduc\u0103tori autoriza\u021bi<\/b>.<\/div>\n<hr>\n<h3>EMITEREA DE DOCUMENTE \u00ceN LIMBI STR\u0102INE<\/h3>\n<div>Putem de asemenea emite documente direct \u00een diverse limbi str\u0103ine. Avem exper\u021bi \u00een diferite limbi, precum \u0219i o selec\u021bie de <b>traduc\u0103tori autoriza\u021bi<\/b> ale c\u0103ror servicii le putem folosi \u00een cazul \u00een care este necesar\u0103 redactarea de documente \u00een alte limbi.<\/p>\n<p>\u00cen cazul \u00een care nu sunte\u021bi sigur dac\u0103 ave\u021bi sau nu nevoie de <b>traducerea<\/b> documentelor, dar \u0219i pentru a ne consulta sau a primi o ofert\u0103 de pre\u021b, contacta\u021bi-ne prin e-mail la <b><a class=\"uk-link-text\" href=\"mailto:info@authenticanotaries.co\"> info@authenticanotaries.co.uk<\/a><\/b>, sau telefonic la num\u0103rul <b><a class=\"uk-link-text\" href=\"tel:+44 (0) 20 3950 6499\">+44 (0) 20 3950 6499<\/a><\/b>. Alternativ, completa\u021bi formularul scurt de \u00eentreb\u0103ri de pe pagina Solicit\u0103 ofert\u0103 de pre\u021b.<\/p>\n<p>O idee bun\u0103 ar fi s\u0103 ne trimite\u021bi o copie a documentelor de care ave\u021bi nevoie s\u0103 fie traduse ata\u0219ate formularului de \u00eentreb\u0103ri, astfel \u00eenc\u00e2t s\u0103 v\u0103 putem oferi o cota\u021bie de pre\u021b exact\u0103.<\/p>\n<p>De asemenea, oferim <b>servicii de legalizare notarial\u0103<\/b>, <b>certificare documente notariale<\/b> \u0219i <b>apostila Haga<\/b>.<\/div>\n<p><!--more--><br \/>\n<!-- {\"type\":\"layout\",\"children\":[{\"name\":\"Hero\",\"type\":\"section\",\"props\":{\"css\":\".el-section {\\n    margin-top:-40px; \/* half of height *\/\\n}\",\"header_transparent\":true,\"header_transparent_text_color\":\"dark\",\"image\":\"wp-content\/uploads\/2026\/03\/service-header.jpg\",\"image_position\":\"center-center\",\"image_size\":\"cover\",\"image_width\":\"1920\",\"padding\":\"large\",\"style\":\"muted\",\"title_breakpoint\":\"xl\",\"title_position\":\"top-left\",\"title_rotation\":\"left\",\"vertical_align\":\"\",\"width\":\"default\"},\"children\":[{\"type\":\"row\",\"children\":[{\"type\":\"column\",\"props\":{\"image_position\":\"center-center\",\"position_sticky_breakpoint\":\"m\",\"width_medium\":\"1-1\"},\"children\":[{\"type\":\"headline\",\"props\":{\"content\":\"TRADUCERI AUTORIZATE UK\",\"image_align\":\"left\",\"image_margin\":\"xsmall\",\"maxwidth\":\"xlarge\",\"title_element\":\"h1\",\"title_style\":\"h1\"}},{\"type\":\"text\",\"props\":{\"column_breakpoint\":\"m\",\"content\":\"\n\n<p><b>Notar rom\u00e2n \u00een Londra<\/b> Cristina M. Mihalache Bertolini poate legaliza semnatura traduc\u0103torilor \u00eenregistra\u021bi sau certifica acurate\u021bea traducerii efectuate de <b>traduc\u0103tori califica\u021bi<\/b>, precum poate de asemenea emite documente direct \u00een limbi str\u0103ine<\/p>\n\n\",\"margin_bottom\":\"default\",\"margin_top\":\"default\",\"maxwidth\":\"xlarge\",\"text_style\":\"lead\"}}]}]}]},{\"name\":\"Services\",\"type\":\"section\",\"props\":{\"image_position\":\"center-center\",\"image_size\":\"cover\",\"padding\":\"large\",\"padding_remove_bottom\":true,\"style\":\"default\",\"title_breakpoint\":\"xl\",\"title_position\":\"top-left\",\"title_rotation\":\"left\",\"vertical_align\":\"\",\"width\":\"default\"},\"children\":[{\"type\":\"row\",\"props\":{\"layout\":\"1-4,3-4\"},\"children\":[{\"type\":\"column\",\"props\":{\"image_position\":\"center-center\",\"position_sticky_breakpoint\":\"m\",\"width_medium\":\"1-4\"},\"children\":[{\"type\":\"headline\",\"props\":{\"content\":\"PROCEDURA NOASTR\u0102\",\"image_align\":\"left\",\"image_margin\":\"xsmall\",\"title_element\":\"h4\",\"title_style\":\"h4\"}}]},{\"type\":\"column\",\"props\":{\"image_position\":\"center-center\",\"position_sticky_breakpoint\":\"m\",\"width_medium\":\"3-4\"},\"children\":[{\"type\":\"text\",\"props\":{\"column_breakpoint\":\"m\",\"content\":\"<b>Servicii notariale \u00een UK<\/b> sunt solicitate de persoane care necesit\u0103 finalizarea unor tranzac\u021bii \u00een str\u0103in\u0103tate. Unele dintre documentele care necesit\u0103 <b>legalizare notarial\u0103<\/b> ar putea necesita, de asemenea, traducere \u00een limba relevant\u0103.\",\"margin_bottom\":\"default\",\"margin_top\":\"default\",\"text_align\":\"justify\"}}]}]},{\"type\":\"row\",\"children\":[{\"type\":\"column\",\"props\":{\"image_position\":\"center-center\",\"position_sticky_breakpoint\":\"m\",\"width_medium\":\"1-1\"},\"children\":[{\"type\":\"divider\",\"props\":{\"divider_element\":\"hr\"}}]}]},{\"type\":\"row\",\"props\":{\"layout\":\"1-4,3-4\"},\"children\":[{\"type\":\"column\",\"props\":{\"image_position\":\"center-center\",\"position_sticky_breakpoint\":\"m\",\"width_medium\":\"1-4\"},\"children\":[{\"type\":\"headline\",\"props\":{\"content\":\"TRADUCERI LEGALIZATE \u00ceN UK\",\"image_align\":\"left\",\"image_margin\":\"xsmall\",\"title_element\":\"h3\",\"title_style\":\"h4\"}}]},{\"type\":\"column\",\"props\":{\"image_position\":\"center-center\",\"position_sticky_breakpoint\":\"m\",\"width_medium\":\"3-4\"},\"children\":[{\"type\":\"text\",\"props\":{\"column_breakpoint\":\"m\",\"content\":\"Putem traduce noi sau solicita <b>traducerea<\/b> documentelor dumneavoastr\u0103 pentru a le face accesibile \u0219i a fi acceptate de jurisdic\u021bii din str\u0103in\u0103tate dac\u0103 acestea solicit\u0103 <b>traducere<\/b>.<br \/>\\nPutem <b>legaliza<\/b> semn\u0103tura traduc\u0103torilor c\u00e2t \u0219i <b>certifica<\/b> acurate\u021bea documentelor traduse de c\u0103tre <b>traduc\u0103tori autoriza\u021bi<\/b>.\",\"margin_bottom\":\"default\",\"margin_top\":\"default\",\"text_align\":\"justify\"}}]}]},{\"type\":\"row\",\"children\":[{\"type\":\"column\",\"props\":{\"image_position\":\"center-center\",\"position_sticky_breakpoint\":\"m\",\"width_medium\":\"1-1\"},\"children\":[{\"type\":\"divider\",\"props\":{\"divider_element\":\"hr\"}}]}]},{\"type\":\"row\",\"props\":{\"layout\":\"1-4,3-4\"},\"children\":[{\"type\":\"column\",\"props\":{\"image_position\":\"center-center\",\"position_sticky_breakpoint\":\"m\",\"width_medium\":\"1-4\"},\"children\":[{\"type\":\"headline\",\"props\":{\"content\":\"EMITEREA DE DOCUMENTE \u00ceN LIMBI STR\u0102INE\",\"image_align\":\"left\",\"image_margin\":\"xsmall\",\"title_element\":\"h3\",\"title_style\":\"h4\"}}]},{\"type\":\"column\",\"props\":{\"image_position\":\"center-center\",\"position_sticky_breakpoint\":\"m\",\"width_medium\":\"3-4\"},\"children\":[{\"type\":\"text\",\"props\":{\"column_breakpoint\":\"m\",\"content\":\"Putem de asemenea emite documente direct \u00een diverse limbi str\u0103ine. Avem exper\u021bi \u00een diferite limbi, precum \u0219i o selec\u021bie de <b>traduc\u0103tori autoriza\u021bi<\/b> ale c\u0103ror servicii le putem folosi \u00een cazul \u00een care este necesar\u0103 redactarea de documente \u00een alte limbi.\n\n\\n\u00cen cazul \u00een care nu sunte\u021bi sigur dac\u0103 ave\u021bi sau nu nevoie de <b>traducerea<\/b> documentelor, dar \u0219i pentru a ne consulta sau a primi o ofert\u0103 de pre\u021b, contacta\u021bi-ne prin e-mail la <b><a class=\\\"uk-link-text\\\" href=\\\"mailto:info@authenticanotaries.co\\\"> info@authenticanotaries.co.uk<\/a><\/b>, sau telefonic la num\u0103rul <b><a class=\\\"uk-link-text\\\" href=\\\"tel:+44 (0) 20 3950 6499\\\">+44 (0) 20 3950 6499<\/a><\/b>. Alternativ, completa\u021bi formularul scurt de \u00eentreb\u0103ri de pe pagina Solicit\u0103 ofert\u0103 de pre\u021b.\n\n\\nO idee bun\u0103 ar fi s\u0103 ne trimite\u021bi o copie a documentelor de care ave\u021bi nevoie s\u0103 fie traduse ata\u0219ate formularului de \u00eentreb\u0103ri, astfel \u00eenc\u00e2t s\u0103 v\u0103 putem oferi o cota\u021bie de pre\u021b exact\u0103.\n\n\\nDe asemenea, oferim <b>servicii de legalizare notarial\u0103<\/b>, <b>certificare documente notariale<\/b> \u0219i <b>apostila Haga<\/b>.\",\"margin_bottom\":\"default\",\"margin_top\":\"default\",\"text_align\":\"justify\"}}]}]}]}],\"version\":\"5.0.24\"} --><\/p>\n","protected":false},"excerpt":{"rendered":"<p>TRADUCERI AUTORIZATE UK Notar rom\u00e2n \u00een Londra Cristina M. Mihalache Bertolini poate legaliza semnatura traduc\u0103torilor \u00eenregistra\u021bi sau certifica acurate\u021bea traducerii efectuate de traduc\u0103tori califica\u021bi, precum poate de asemenea emite documente direct \u00een limbi str\u0103ine PROCEDURA NOASTR\u0102 Servicii notariale \u00een UK sunt solicitate de persoane care necesit\u0103 finalizarea unor tranzac\u021bii \u00een str\u0103in\u0103tate. Unele dintre documentele care [&hellip;]<\/p>\n","protected":false},"author":1,"featured_media":0,"parent":0,"menu_order":0,"comment_status":"closed","ping_status":"closed","template":"","meta":{"footnotes":""},"class_list":["post-24","page","type-page","status-publish","hentry"],"aioseo_notices":[],"aioseo_head":"\n\t\t<!-- All in One SEO Pro 4.9.6.2 - aioseo.com -->\n\t<meta name=\"description\" content=\"TRADUCERI AUTORIZATE UK Notar rom\u00e2n \u00een Londra Cristina M. Mihalache Bertolini poate legaliza semnatura traduc\u0103torilor \u00eenregistra\u021bi sau certifica acurate\u021bea traducerii efectuate de traduc\u0103tori califica\u021bi, precum poate de asemenea emite documente direct \u00een limbi str\u0103ine PROCEDURA NOASTR\u0102 Servicii notariale \u00een UK sunt solicitate de persoane care necesit\u0103 finalizarea unor tranzac\u021bii \u00een str\u0103in\u0103tate. Unele dintre documentele care\" \/>\n\t<meta name=\"robots\" content=\"max-image-preview:large\" \/>\n\t<link rel=\"canonical\" href=\"https:\/\/authenticanotaries.co.uk\/hu\/traducere\/\" \/>\n\t<meta name=\"generator\" content=\"All in One SEO Pro (AIOSEO) 4.9.6.2\" \/>\n\t\t<meta property=\"og:locale\" content=\"hu_HU\" \/>\n\t\t<meta property=\"og:site_name\" content=\"Authentica Notaries - Notar public rom\u00e2n Londra - Servicii Notariale\" \/>\n\t\t<meta property=\"og:type\" content=\"article\" \/>\n\t\t<meta property=\"og:title\" content=\"Traducere - Authentica Notaries\" \/>\n\t\t<meta property=\"og:description\" content=\"TRADUCERI AUTORIZATE UK Notar rom\u00e2n \u00een Londra Cristina M. Mihalache Bertolini poate legaliza semnatura traduc\u0103torilor \u00eenregistra\u021bi sau certifica acurate\u021bea traducerii efectuate de traduc\u0103tori califica\u021bi, precum poate de asemenea emite documente direct \u00een limbi str\u0103ine PROCEDURA NOASTR\u0102 Servicii notariale \u00een UK sunt solicitate de persoane care necesit\u0103 finalizarea unor tranzac\u021bii \u00een str\u0103in\u0103tate. Unele dintre documentele care\" \/>\n\t\t<meta property=\"og:url\" content=\"https:\/\/authenticanotaries.co.uk\/hu\/traducere\/\" \/>\n\t\t<meta property=\"article:published_time\" content=\"2026-03-22T18:39:44+00:00\" \/>\n\t\t<meta property=\"article:modified_time\" content=\"2026-03-23T15:48:31+00:00\" \/>\n\t\t<meta property=\"article:publisher\" content=\"https:\/\/www.facebook.com\/NotarLondra\" \/>\n\t\t<meta name=\"twitter:card\" content=\"summary_large_image\" \/>\n\t\t<meta name=\"twitter:title\" content=\"Traducere - Authentica Notaries\" \/>\n\t\t<meta name=\"twitter:description\" content=\"TRADUCERI AUTORIZATE UK Notar rom\u00e2n \u00een Londra Cristina M. Mihalache Bertolini poate legaliza semnatura traduc\u0103torilor \u00eenregistra\u021bi sau certifica acurate\u021bea traducerii efectuate de traduc\u0103tori califica\u021bi, precum poate de asemenea emite documente direct \u00een limbi str\u0103ine PROCEDURA NOASTR\u0102 Servicii notariale \u00een UK sunt solicitate de persoane care necesit\u0103 finalizarea unor tranzac\u021bii \u00een str\u0103in\u0103tate. Unele dintre documentele care\" \/>\n\t\t<script type=\"application\/ld+json\" class=\"aioseo-schema\">\n\t\t\t{\"@context\":\"https:\\\/\\\/schema.org\",\"@graph\":[{\"@type\":\"BreadcrumbList\",\"@id\":\"https:\\\/\\\/authenticanotaries.co.uk\\\/hu\\\/traducere\\\/#breadcrumblist\",\"itemListElement\":[{\"@type\":\"ListItem\",\"@id\":\"https:\\\/\\\/authenticanotaries.co.uk\\\/hu#listItem\",\"position\":1,\"name\":\"Home\",\"item\":\"https:\\\/\\\/authenticanotaries.co.uk\\\/hu\",\"nextItem\":{\"@type\":\"ListItem\",\"@id\":\"https:\\\/\\\/authenticanotaries.co.uk\\\/hu\\\/traducere\\\/#listItem\",\"name\":\"Traducere\"}},{\"@type\":\"ListItem\",\"@id\":\"https:\\\/\\\/authenticanotaries.co.uk\\\/hu\\\/traducere\\\/#listItem\",\"position\":2,\"name\":\"Traducere\",\"previousItem\":{\"@type\":\"ListItem\",\"@id\":\"https:\\\/\\\/authenticanotaries.co.uk\\\/hu#listItem\",\"name\":\"Home\"}}]},{\"@type\":\"Organization\",\"@id\":\"https:\\\/\\\/authenticanotaries.co.uk\\\/hu\\\/#organization\",\"name\":\"Authentica Notaries\",\"description\":\"Notar public rom\\u00e2n Londra - Servicii Notariale\",\"url\":\"https:\\\/\\\/authenticanotaries.co.uk\\\/hu\\\/\",\"telephone\":\"+442039506499\",\"logo\":{\"@type\":\"ImageObject\",\"url\":\"https:\\\/\\\/authenticanotaries.co.uk\\\/wp-content\\\/uploads\\\/2026\\\/03\\\/logo-an-02-1080.jpg\",\"@id\":\"https:\\\/\\\/authenticanotaries.co.uk\\\/hu\\\/traducere\\\/#organizationLogo\",\"width\":1200,\"height\":1200,\"caption\":\"birou notarial \\u00een Londra\"},\"image\":{\"@id\":\"https:\\\/\\\/authenticanotaries.co.uk\\\/hu\\\/traducere\\\/#organizationLogo\"},\"sameAs\":[\"https:\\\/\\\/www.facebook.com\\\/NotarLondra\",\"https:\\\/\\\/www.instagram.com\\\/notariat_londra\\\/\",\"https:\\\/\\\/www.tiktok.com\\\/@authenticanotaries\",\"https:\\\/\\\/www.youtube.com\\\/@AuthenticaNotaries\"]},{\"@type\":\"WebPage\",\"@id\":\"https:\\\/\\\/authenticanotaries.co.uk\\\/hu\\\/traducere\\\/#webpage\",\"url\":\"https:\\\/\\\/authenticanotaries.co.uk\\\/hu\\\/traducere\\\/\",\"name\":\"Traducere - Authentica Notaries\",\"description\":\"TRADUCERI AUTORIZATE UK Notar rom\\u00e2n \\u00een Londra Cristina M. Mihalache Bertolini poate legaliza semnatura traduc\\u0103torilor \\u00eenregistra\\u021bi sau certifica acurate\\u021bea traducerii efectuate de traduc\\u0103tori califica\\u021bi, precum poate de asemenea emite documente direct \\u00een limbi str\\u0103ine PROCEDURA NOASTR\\u0102 Servicii notariale \\u00een UK sunt solicitate de persoane care necesit\\u0103 finalizarea unor tranzac\\u021bii \\u00een str\\u0103in\\u0103tate. Unele dintre documentele care\",\"inLanguage\":\"hu-HU\",\"isPartOf\":{\"@id\":\"https:\\\/\\\/authenticanotaries.co.uk\\\/hu\\\/#website\"},\"breadcrumb\":{\"@id\":\"https:\\\/\\\/authenticanotaries.co.uk\\\/hu\\\/traducere\\\/#breadcrumblist\"},\"datePublished\":\"2026-03-22T18:39:44+00:00\",\"dateModified\":\"2026-03-23T15:48:31+00:00\"},{\"@type\":\"WebSite\",\"@id\":\"https:\\\/\\\/authenticanotaries.co.uk\\\/hu\\\/#website\",\"url\":\"https:\\\/\\\/authenticanotaries.co.uk\\\/hu\\\/\",\"name\":\"Authentica Notaries\",\"description\":\"Notar public rom\\u00e2n Londra - Servicii Notariale\",\"inLanguage\":\"hu-HU\",\"publisher\":{\"@id\":\"https:\\\/\\\/authenticanotaries.co.uk\\\/hu\\\/#organization\"}}]}\n\t\t<\/script>\n\t\t<!-- All in One SEO Pro -->\r\n\t\t<title>Traducere - Authentica Notaries<\/title>\n\n","aioseo_head_json":{"title":"Ford\u00edt\u00e1s - Authentica Notaries","description":"Hiteles\u00edtett ford\u00edt\u00e1sok UK rom\u00e1n k\u00f6zjegyz\u0151 Londonban Cristina M. Mihalache Bertolini hiteles\u00edti a bejegyzett ford\u00edt\u00f3k al\u00e1\u00edr\u00e1s\u00e1t, vagy hiteles\u00edti a szakford\u00edt\u00f3k \u00e1ltal k\u00e9sz\u00edtett ford\u00edt\u00e1sok pontoss\u00e1g\u00e1t, valamint k\u00f6zvetlen\u00fcl idegen nyelvekre \u00e1ll\u00edt ki dokumentumokat A MI ELJ\u00c1R\u00c1SUNK A k\u00f6zjegyz\u0151i szolg\u00e1ltat\u00e1sokra az Egyes\u00fclt Kir\u00e1lys\u00e1gban azoknak van sz\u00fcks\u00e9g\u00fck, akiknek k\u00fclf\u00f6ld\u00f6n kell tranzakci\u00f3kat lebonyol\u00edtaniuk. N\u00e9h\u00e1ny olyan dokumentum, amelyet","canonical_url":"https:\/\/authenticanotaries.co.uk\/hu\/traducere\/","robots":"max-image-preview:large","keywords":"","webmasterTools":{"miscellaneous":""},"schema":{"@context":"https:\/\/schema.org","@graph":[{"@type":"BreadcrumbList","@id":"https:\/\/authenticanotaries.co.uk\/hu\/traducere\/#breadcrumblist","itemListElement":[{"@type":"ListItem","@id":"https:\/\/authenticanotaries.co.uk\/hu#listItem","position":1,"name":"Home","item":"https:\/\/authenticanotaries.co.uk\/hu","nextItem":{"@type":"ListItem","@id":"https:\/\/authenticanotaries.co.uk\/hu\/traducere\/#listItem","name":"Traducere"}},{"@type":"ListItem","@id":"https:\/\/authenticanotaries.co.uk\/hu\/traducere\/#listItem","position":2,"name":"Traducere","previousItem":{"@type":"ListItem","@id":"https:\/\/authenticanotaries.co.uk\/hu#listItem","name":"Home"}}]},{"@type":"Organization","@id":"https:\/\/authenticanotaries.co.uk\/hu\/#organization","name":"Authentica Notaries","description":"Notar public rom\u00e2n Londra - Servicii Notariale","url":"https:\/\/authenticanotaries.co.uk\/hu\/","telephone":"+442039506499","logo":{"@type":"ImageObject","url":"https:\/\/authenticanotaries.co.uk\/wp-content\/uploads\/2026\/03\/logo-an-02-1080.jpg","@id":"https:\/\/authenticanotaries.co.uk\/hu\/traducere\/#organizationLogo","width":1200,"height":1200,"caption":"birou notarial \u00een Londra"},"image":{"@id":"https:\/\/authenticanotaries.co.uk\/hu\/traducere\/#organizationLogo"},"sameAs":["https:\/\/www.facebook.com\/NotarLondra","https:\/\/www.instagram.com\/notariat_londra\/","https:\/\/www.tiktok.com\/@authenticanotaries","https:\/\/www.youtube.com\/@AuthenticaNotaries"]},{"@type":"WebPage","@id":"https:\/\/authenticanotaries.co.uk\/hu\/traducere\/#webpage","url":"https:\/\/authenticanotaries.co.uk\/hu\/traducere\/","name":"Traducere - Authentica Notaries","description":"TRADUCERI AUTORIZATE UK Notar rom\u00e2n \u00een Londra Cristina M. Mihalache Bertolini poate legaliza semnatura traduc\u0103torilor \u00eenregistra\u021bi sau certifica acurate\u021bea traducerii efectuate de traduc\u0103tori califica\u021bi, precum poate de asemenea emite documente direct \u00een limbi str\u0103ine PROCEDURA NOASTR\u0102 Servicii notariale \u00een UK sunt solicitate de persoane care necesit\u0103 finalizarea unor tranzac\u021bii \u00een str\u0103in\u0103tate. Unele dintre documentele care","inLanguage":"hu-HU","isPartOf":{"@id":"https:\/\/authenticanotaries.co.uk\/hu\/#website"},"breadcrumb":{"@id":"https:\/\/authenticanotaries.co.uk\/hu\/traducere\/#breadcrumblist"},"datePublished":"2026-03-22T18:39:44+00:00","dateModified":"2026-03-23T15:48:31+00:00"},{"@type":"WebSite","@id":"https:\/\/authenticanotaries.co.uk\/hu\/#website","url":"https:\/\/authenticanotaries.co.uk\/hu\/","name":"Authentica Notaries","description":"Notar public rom\u00e2n Londra - Servicii Notariale","inLanguage":"hu-HU","publisher":{"@id":"https:\/\/authenticanotaries.co.uk\/hu\/#organization"}}]},"og:locale":"hu_HU","og:site_name":"Authentica Notaries - Notar public rom\u00e2n Londra - Servicii Notariale","og:type":"article","og:title":"Traducere - Authentica Notaries","og:description":"TRADUCERI AUTORIZATE UK Notar rom\u00e2n \u00een Londra Cristina M. Mihalache Bertolini poate legaliza semnatura traduc\u0103torilor \u00eenregistra\u021bi sau certifica acurate\u021bea traducerii efectuate de traduc\u0103tori califica\u021bi, precum poate de asemenea emite documente direct \u00een limbi str\u0103ine PROCEDURA NOASTR\u0102 Servicii notariale \u00een UK sunt solicitate de persoane care necesit\u0103 finalizarea unor tranzac\u021bii \u00een str\u0103in\u0103tate. Unele dintre documentele care","og:url":"https:\/\/authenticanotaries.co.uk\/hu\/traducere\/","article:published_time":"2026-03-22T18:39:44+00:00","article:modified_time":"2026-03-23T15:48:31+00:00","article:publisher":"https:\/\/www.facebook.com\/NotarLondra","twitter:card":"summary_large_image","twitter:title":"Traducere - Authentica Notaries","twitter:description":"TRADUCERI AUTORIZATE UK Notar rom\u00e2n \u00een Londra Cristina M. Mihalache Bertolini poate legaliza semnatura traduc\u0103torilor \u00eenregistra\u021bi sau certifica acurate\u021bea traducerii efectuate de traduc\u0103tori califica\u021bi, precum poate de asemenea emite documente direct \u00een limbi str\u0103ine PROCEDURA NOASTR\u0102 Servicii notariale \u00een UK sunt solicitate de persoane care necesit\u0103 finalizarea unor tranzac\u021bii \u00een str\u0103in\u0103tate. Unele dintre documentele care"},"aioseo_meta_data":{"post_id":"24","title":null,"description":null,"keywords":null,"keyphrases":null,"primary_term":null,"canonical_url":null,"og_title":null,"og_description":null,"og_object_type":"default","og_image_type":"default","og_image_url":null,"og_image_width":null,"og_image_height":null,"og_image_custom_url":null,"og_image_custom_fields":null,"og_video":null,"og_custom_url":null,"og_article_section":null,"og_article_tags":null,"twitter_use_og":false,"twitter_card":"default","twitter_image_type":"default","twitter_image_url":null,"twitter_image_custom_url":null,"twitter_image_custom_fields":null,"twitter_title":null,"twitter_description":null,"schema":{"blockGraphs":[],"customGraphs":[],"default":{"data":{"Article":[],"Course":[],"Dataset":[],"FAQPage":[],"Movie":[],"Person":[],"Product":[],"ProductReview":[],"Car":[],"Recipe":[],"Service":[],"SoftwareApplication":[],"WebPage":[]},"graphName":"","isEnabled":true},"graphs":[]},"schema_type":"default","schema_type_options":null,"pillar_content":false,"robots_default":true,"robots_noindex":false,"robots_noarchive":false,"robots_nosnippet":false,"robots_nofollow":false,"robots_noimageindex":false,"robots_noodp":false,"robots_notranslate":false,"robots_max_snippet":null,"robots_max_videopreview":null,"robots_max_imagepreview":"large","priority":null,"frequency":null,"local_seo":null,"seo_analyzer_scan_date":"2026-03-23 17:06:50","breadcrumb_settings":null,"limit_modified_date":false,"open_ai":null,"ai":null,"created":"2026-03-23 17:06:50","updated":"2026-03-23 17:29:01"},"aioseo_breadcrumb":"<div class=\"aioseo-breadcrumbs\"><span class=\"aioseo-breadcrumb\">\n\t<a href=\"https:\/\/authenticanotaries.co.uk\/hu\" title=\"Home\">Home<\/a>\n<\/span><span class=\"aioseo-breadcrumb-separator\">&raquo;<\/span><span class=\"aioseo-breadcrumb\">\n\tTraducere\n<\/span><\/div>","aioseo_breadcrumb_json":[{"label":"Home","link":"https:\/\/authenticanotaries.co.uk\/hu"},{"label":"Traducere","link":"https:\/\/authenticanotaries.co.uk\/hu\/traducere\/"}],"_links":{"self":[{"href":"https:\/\/authenticanotaries.co.uk\/hu\/wp-json\/wp\/v2\/pages\/24","targetHints":{"allow":["GET"]}}],"collection":[{"href":"https:\/\/authenticanotaries.co.uk\/hu\/wp-json\/wp\/v2\/pages"}],"about":[{"href":"https:\/\/authenticanotaries.co.uk\/hu\/wp-json\/wp\/v2\/types\/page"}],"author":[{"embeddable":true,"href":"https:\/\/authenticanotaries.co.uk\/hu\/wp-json\/wp\/v2\/users\/1"}],"replies":[{"embeddable":true,"href":"https:\/\/authenticanotaries.co.uk\/hu\/wp-json\/wp\/v2\/comments?post=24"}],"version-history":[{"count":3,"href":"https:\/\/authenticanotaries.co.uk\/hu\/wp-json\/wp\/v2\/pages\/24\/revisions"}],"predecessor-version":[{"id":114,"href":"https:\/\/authenticanotaries.co.uk\/hu\/wp-json\/wp\/v2\/pages\/24\/revisions\/114"}],"wp:attachment":[{"href":"https:\/\/authenticanotaries.co.uk\/hu\/wp-json\/wp\/v2\/media?parent=24"}],"curies":[{"name":"wp","href":"https:\/\/api.w.org\/{rel}","templated":true}]}}