{"id":12,"date":"2026-03-22T18:38:18","date_gmt":"2026-03-22T18:38:18","guid":{"rendered":"https:\/\/authenticanotaries.co.uk\/?page_id=12"},"modified":"2026-03-23T15:46:43","modified_gmt":"2026-03-23T15:46:43","slug":"posizione","status":"publish","type":"page","link":"https:\/\/authenticanotaries.co.uk\/it\/locatie\/","title":{"rendered":"Posizione"},"content":{"rendered":"<h2><font color=\"white\">UNDE NE G\u0102SI\u021aI<\/font><\/h2>\n<h2>LOCA\u021aIE<\/h2>\n<div><span uk-icon=\"icon: location; ratio: 0.9\"><\/span> 40 Bermondsey Street<br \/>London Bridge<br \/>London &#8211; SE1 3UD<\/div>\n<div><span uk-icon=\"icon: location; ratio: 0.9\"><\/span> Burnt Oak Office &#8211; pe baz\u0103 de programare<br \/>93 Watling Avenue<br \/>London &#8211; HA8 0LA<\/div>\n<div><span uk-icon=\"icon: location; ratio: 0.9\"><\/span> Luton Office &#8211; pe baz\u0103 de programare<br \/>58 New Bedford Road<br \/>Luton &#8211; LU1 1SH<\/div>\n<ul>\n<li>\n<h4>Telephone:<\/h4>\n<div><b><a class=\"uk-link-text\" href=\"tel:+44 (0) 20 3950 6499\">+44 (0) 20 3950 6499<\/a><\/b><\/div>\n<\/li>\n<li>\n<h4>Email:<\/h4>\n<div><a href=\"mailto:info@authenticanotaries.co.uk\">info@authenticanotaries.co.uk<\/a><\/div>\n<\/li>\n<li>\n<h4>Website:<\/h4>\n<div><a href=\"https:\/\/authenticanotaries.co.uk\">www.authenticanotaries.co.uk<\/a><\/div>\n<\/li>\n<\/ul>\n<ul>\n<li>\n<p>51.6026,-0.2641<\/p>\n<h3>Authentica Notaries<\/h3>\n<div>Burnt Oak Office<br \/>93 Watling Avenue<br \/>London<br \/>HA8 0LA<\/div>\n<\/li>\n<li>\n<p>51.5023,-0.0826<\/p>\n<h3>Authentica Notaries<\/h3>\n<div>40 Bermondsey Street<br \/>London Bridge<br \/>London<br \/>SE1 3UD<\/div>\n<\/li>\n<li>\n<p>51.8831,-0.4191<\/p>\n<h3>Authentica Notaries<\/h3>\n<div>Luton Office<br \/>958 New Bedford Road<br \/>Luton<br \/>LU1 1SH<\/div>\n<\/li>\n<\/ul>\n<div>\n<h2>C\u0102I DE ACCES<\/h2>\n<p>40 Bermondsey Street &#8211; London Bridge<\/p><\/div>\n<ul>\n<li>\n<p>        <img decoding=\"async\" src=\"\/wp-content\/uploads\/2026\/03\/underground.png\" alt=\"birou notarial \u00een Londra\"><\/p>\n<h3>METROU<\/h3>\n<div>Sta\u021bia de metrou London Bridge este deservit\u0103 de liniile Jubilee \u0219i Nord. Linile District, Circle \u0219i Central, precum \u0219i DLR, se afl\u0103 la doar c\u00e2teva minute de mers pe jos, travers\u00e2nd r\u00e2ul de la sta\u021bia Monument \u0219i Tower Hill. V\u0103 rug\u0103m s\u0103 consulta\u021bi <a href=\"https:\/\/tfl.gov.uk\/\" target=\"_blank\">www.tfl.gov.uk<\/a><\/div>\n<\/li>\n<li>\n<p>        <img decoding=\"async\" src=\"\/wp-content\/uploads\/2026\/03\/bus.png\" alt=\"birou notarial \u00een Londra\"><\/p>\n<h3>AUTOBUS<\/h3>\n<div>Exist\u0103 multe autobuze care v\u0103 pot duce la Podul Londrei, inclusiv rutele 17, 21, 35, 40, 47, 48, 133, 149, 343, 521 \u0219i RV1. V\u0103 rug\u0103m s\u0103 consulta\u021bi <a href=\"https:\/\/tfl.gov.uk\/\" target=\"_blank\">www.tfl.gov.uk<\/a>.<\/div>\n<\/li>\n<li>\n<p>        <img decoding=\"async\" src=\"\/wp-content\/uploads\/2026\/03\/train.png\" alt=\"birou notarial \u00een Londra\"><\/p>\n<h3>C\u0102I FERATE<\/h3>\n<div>Sta\u021bia de cale ferat\u0103 na\u021bional\u0103 London Bridge ofer\u0103 acces u\u0219or din multe p\u0103r\u021bi ale Greater London \u0219i din Sud-Estul Angliei. V\u0103 rug\u0103m s\u0103 consulta\u021bi <a href=\"http:\/\/www.nationalrail.co.uk\/\" target=\"_blank\"><b>www.nationalrail.co.uk<\/b><\/a>.<\/div>\n<p><a href=\"\/images\/icons\/london-rail-and-tube-services-map.pdf\"><\/a><\/p>\n<\/li>\n<\/ul>\n<p><!--more--><br \/>\n<!-- {\"type\":\"layout\",\"children\":[{\"name\":\"Intro\",\"type\":\"section\",\"props\":{\"css\":\".el-section {\\n    margin-top:-40px; \/* half of height *\/\\n}\",\"header_transparent\":true,\"header_transparent_text_color\":\"dark\",\"height\":\"section\",\"height_offset_top\":true,\"image\":\"wp-content\/uploads\/2026\/03\/hp-london-4-2560-1.jpg\",\"image_position\":\"top-center\",\"image_size\":\"cover\",\"padding\":\"large\",\"padding_remove_bottom\":false,\"style\":\"default\",\"title_breakpoint\":\"xl\",\"title_position\":\"top-left\",\"title_rotation\":\"left\",\"vertical_align\":\"middle\",\"width\":\"default\"},\"children\":[{\"type\":\"row\",\"children\":[{\"type\":\"column\",\"props\":{\"image_position\":\"center-center\",\"position_sticky_breakpoint\":\"m\",\"width_medium\":\"1-1\"},\"children\":[{\"type\":\"headline\",\"props\":{\"animation\":\"slide-left-medium\",\"content\":\"<font color=\\\"white\\\">UNDE NE G\u0102SI\u021aI<\/font>\",\"image_align\":\"left\",\"image_margin\":\"xsmall\",\"margin_remove_bottom\":true,\"margin_remove_top\":true,\"text_align\":\"left\",\"title_element\":\"h2\",\"title_style\":\"heading-small\"}}]}]}]},{\"name\":\"Location\",\"type\":\"section\",\"props\":{\"image_position\":\"center-center\",\"image_size\":\"cover\",\"padding\":\"small\",\"padding_remove_top\":false,\"style\":\"default\",\"title_breakpoint\":\"xl\",\"title_position\":\"top-left\",\"title_rotation\":\"left\",\"vertical_align\":\"\",\"width\":\"default\"},\"children\":[{\"type\":\"row\",\"props\":{\"layout\":\"large,expand\"},\"children\":[{\"type\":\"column\",\"props\":{\"image_position\":\"center-center\",\"position_sticky_breakpoint\":\"m\",\"width_medium\":\"large\"},\"children\":[{\"type\":\"headline\",\"props\":{\"content\":\"LOCA\u021aIE\",\"image_align\":\"left\",\"image_margin\":\"xsmall\",\"title_element\":\"h2\"}},{\"type\":\"text\",\"props\":{\"column_breakpoint\":\"m\",\"content\":\"<span uk-icon=\\\"icon: location; ratio: 0.9\\\"><\/span> 40 Bermondsey Street<br \/>London Bridge<br \/>London - SE1 3UD\",\"margin\":\"default\",\"margin_bottom\":\"default\",\"margin_top\":\"default\"}},{\"type\":\"text\",\"props\":{\"column_breakpoint\":\"m\",\"content\":\"<span uk-icon=\\\"icon: location; ratio: 0.9\\\"><\/span> Burnt Oak Office - pe baz\u0103 de programare<br \/>93 Watling Avenue<br \/>London - HA8 0LA\",\"margin\":\"default\",\"margin_bottom\":\"default\",\"margin_top\":\"default\"}},{\"type\":\"text\",\"props\":{\"column_breakpoint\":\"m\",\"content\":\"<span uk-icon=\\\"icon: location; ratio: 0.9\\\"><\/span> Luton Office - pe baz\u0103 de programare<br \/>58 New Bedford Road<br \/>Luton - LU1 1SH\",\"margin\":\"default\",\"margin_bottom\":\"default\",\"margin_top\":\"default\"}},{\"type\":\"grid\",\"props\":{\"content_column_breakpoint\":\"m\",\"filter_align\":\"left\",\"filter_all\":true,\"filter_grid_breakpoint\":\"m\",\"filter_grid_width\":\"auto\",\"filter_position\":\"top\",\"filter_style\":\"tab\",\"grid_column_gap\":\"medium\",\"grid_default\":\"1\",\"grid_medium\":\"\",\"grid_row_gap\":\"medium\",\"icon_width\":30,\"image_align\":\"left\",\"image_grid_breakpoint\":\"m\",\"image_grid_column_gap\":\"small\",\"image_grid_row_gap\":\"small\",\"image_grid_width\":\"1-5\",\"image_svg_color\":\"emphasis\",\"image_vertical_align\":true,\"item_animation\":true,\"lightbox_bg_close\":true,\"link_style\":\"default\",\"link_text\":\"Read more\",\"margin\":\"default\",\"margin_bottom\":\"default\",\"margin_top\":\"default\",\"meta_align\":\"below-title\",\"meta_element\":\"div\",\"meta_style\":\"text-meta\",\"parallax_easing\":\"1\",\"show_content\":true,\"show_hover_image\":true,\"show_hover_video\":true,\"show_image\":true,\"show_link\":false,\"show_meta\":false,\"show_title\":false,\"show_video\":true,\"title_align\":\"top\",\"title_element\":\"h4\",\"title_grid_breakpoint\":\"m\",\"title_grid_width\":\"1-2\",\"title_hover_style\":\"reset\"},\"children\":[{\"type\":\"grid_item\",\"props\":{\"content\":\"<b><a class=\\\"uk-link-text\\\" href=\\\"tel:+44 (0) 20 3950 6499\\\">+44 (0) 20 3950 6499<\/a><\/b>\",\"icon\":\"receiver\",\"title\":\"Telephone:\"}},{\"type\":\"grid_item\",\"props\":{\"content\":\"<a href=\\\"mailto:info@authenticanotaries.co.uk\\\">info@authenticanotaries.co.uk<\/a>\",\"icon\":\"mail\",\"title\":\"Email:\"}},{\"type\":\"grid_item\",\"props\":{\"content\":\"<a href=\\\"https:\/\/authenticanotaries.co.uk\\\">www.authenticanotaries.co.uk<\/a>\",\"icon\":\"world\",\"title\":\"Website:\"}}]}]},{\"type\":\"column\",\"props\":{\"image_position\":\"center-center\",\"position_sticky_breakpoint\":\"m\",\"width_medium\":\"expand\"},\"children\":[{\"type\":\"map\",\"props\":{\"controls\":true,\"dragging\":true,\"height\":\"500\",\"image_svg_color\":\"emphasis\",\"link_style\":\"default\",\"link_text\":\"Read more\",\"margin\":\"remove-vertical\",\"margin_bottom\":\"default\",\"margin_top\":\"default\",\"max_zoom\":18,\"meta_align\":\"below-title\",\"meta_element\":\"div\",\"meta_style\":\"text-meta\",\"min_zoom\":0,\"poi\":false,\"show_content\":true,\"show_image\":true,\"show_link\":true,\"show_meta\":true,\"show_title\":true,\"title_element\":\"h3\",\"title_hover_style\":\"reset\",\"type\":\"roadmap\",\"zoom\":\"9\",\"zooming\":true},\"children\":[{\"type\":\"map_item\",\"props\":{\"content\":\"Burnt Oak Office<br \/>93 Watling Avenue<br \/>London<br \/>HA8 0LA\",\"location\":\"51.6026,-0.2641\",\"title\":\"Authentica Notaries\"}},{\"type\":\"map_item\",\"props\":{\"content\":\"40 Bermondsey Street<br \/>London Bridge<br \/>London<br \/>SE1 3UD\",\"location\":\"51.5023,-0.0826\",\"title\":\"Authentica Notaries\"}},{\"type\":\"map_item\",\"props\":{\"content\":\"Luton Office<br \/>958 New Bedford Road<br \/>Luton<br \/>LU1 1SH\",\"location\":\"51.8831,-0.4191\",\"title\":\"Authentica Notaries\"}}]}]}]}]},{\"name\":\"Transport\",\"type\":\"section\",\"props\":{\"image_position\":\"center-center\",\"style\":\"default\",\"title_breakpoint\":\"xl\",\"title_position\":\"top-left\",\"title_rotation\":\"left\",\"vertical_align\":\"\",\"width\":\"default\"},\"children\":[{\"type\":\"row\",\"children\":[{\"type\":\"column\",\"props\":{\"image_position\":\"center-center\",\"position_sticky_breakpoint\":\"m\",\"width_medium\":\"1-1\"},\"children\":[{\"type\":\"text\",\"props\":{\"column_breakpoint\":\"m\",\"content\":\"\n\n<h2>C\u0102I DE ACCES<\/h2>\n\n40 Bermondsey Street - London Bridge\",\"margin\":\"default\",\"margin_bottom\":\"default\",\"margin_top\":\"default\"}},{\"type\":\"grid\",\"props\":{\"content_column_breakpoint\":\"m\",\"filter_align\":\"left\",\"filter_all\":true,\"filter_grid_breakpoint\":\"m\",\"filter_grid_width\":\"auto\",\"filter_position\":\"top\",\"filter_style\":\"tab\",\"grid_default\":\"1\",\"grid_medium\":\"3\",\"icon_width\":80,\"image_align\":\"top\",\"image_grid_breakpoint\":\"m\",\"image_grid_width\":\"1-2\",\"image_height\":\"150\",\"image_link\":true,\"image_svg_color\":\"emphasis\",\"image_width\":\"150\",\"item_animation\":true,\"lightbox_bg_close\":true,\"link_style\":\"default\",\"link_target\":true,\"link_text\":\"\",\"margin\":\"default\",\"margin_bottom\":\"default\",\"margin_top\":\"default\",\"meta_align\":\"below-title\",\"meta_element\":\"div\",\"meta_style\":\"text-meta\",\"parallax_easing\":\"1\",\"show_content\":true,\"show_hover_image\":true,\"show_hover_video\":true,\"show_image\":true,\"show_link\":true,\"show_meta\":false,\"show_title\":true,\"show_video\":true,\"text_align\":\"center\",\"title_align\":\"top\",\"title_color\":\"primary\",\"title_element\":\"h3\",\"title_grid_breakpoint\":\"m\",\"title_grid_width\":\"1-2\",\"title_hover_style\":\"reset\",\"title_link\":true,\"title_style\":\"h3\"},\"children\":[{\"type\":\"grid_item\",\"props\":{\"content\":\"Sta\u021bia de metrou London Bridge este deservit\u0103 de liniile Jubilee \u0219i Nord. Linile District, Circle \u0219i Central, precum \u0219i DLR, se afl\u0103 la doar c\u00e2teva minute de mers pe jos, travers\u00e2nd r\u00e2ul de la sta\u021bia Monument \u0219i Tower Hill. V\u0103 rug\u0103m s\u0103 consulta\u021bi <a href=\\\"https:\/\/tfl.gov.uk\/\\\" target=\\\"_blank\\\">www.tfl.gov.uk<\/a>\",\"image\":\"wp-content\/uploads\/2026\/03\/underground.png\",\"image_alt\":\"birou notarial \u00een Londra\",\"title\":\"METROU\"}},{\"type\":\"grid_item\",\"props\":{\"content\":\"Exist\u0103 multe autobuze care v\u0103 pot duce la Podul Londrei, inclusiv rutele 17, 21, 35, 40, 47, 48, 133, 149, 343, 521 \u0219i RV1. V\u0103 rug\u0103m s\u0103 consulta\u021bi <a href=\\\"https:\/\/tfl.gov.uk\/\\\" target=\\\"_blank\\\">www.tfl.gov.uk<\/a>.\",\"image\":\"wp-content\/uploads\/2026\/03\/bus.png\",\"image_alt\":\"birou notarial \u00een Londra\",\"title\":\"AUTOBUS\"}},{\"type\":\"grid_item\",\"props\":{\"content\":\"Sta\u021bia de cale ferat\u0103 na\u021bional\u0103 London Bridge ofer\u0103 acces u\u0219or din multe p\u0103r\u021bi ale Greater London \u0219i din Sud-Estul Angliei. V\u0103 rug\u0103m s\u0103 consulta\u021bi <a href=\\\"http:\/\/www.nationalrail.co.uk\/\\\" target=\\\"_blank\\\"><b>www.nationalrail.co.uk<\/b><\/a>.\",\"image\":\"wp-content\/uploads\/2026\/03\/train.png\",\"image_alt\":\"birou notarial \u00een Londra\",\"link\":\"images\/icons\/london-rail-and-tube-services-map.pdf\",\"title\":\"C\u0102I FERATE\"}}]}]}]}]}],\"version\":\"5.0.24\"} --><\/p>\n","protected":false},"excerpt":{"rendered":"<p>UNDE NE G\u0102SI\u021aI LOCA\u021aIE 40 Bermondsey StreetLondon BridgeLondon &#8211; SE1 3UD Burnt Oak Office &#8211; pe baz\u0103 de programare93 Watling AvenueLondon &#8211; HA8 0LA Luton Office &#8211; pe baz\u0103 de programare58 New Bedford RoadLuton &#8211; LU1 1SH Telephone: +44 (0) 20 3950 6499 Email: info@authenticanotaries.co.uk Website: www.authenticanotaries.co.uk 51.6026,-0.2641 Authentica Notaries Burnt Oak Office93 Watling AvenueLondonHA8 [&hellip;]<\/p>\n","protected":false},"author":1,"featured_media":0,"parent":0,"menu_order":0,"comment_status":"closed","ping_status":"closed","template":"","meta":{"footnotes":""},"class_list":["post-12","page","type-page","status-publish","hentry"],"aioseo_notices":[],"aioseo_head":"\n\t\t<!-- All in One SEO Pro 4.9.5.2 - aioseo.com -->\n\t<meta name=\"description\" content=\"UNDE NE G\u0102SI\u021aI LOCA\u021aIE 40 Bermondsey StreetLondon BridgeLondon - SE1 3UD Burnt Oak Office - pe baz\u0103 de programare93 Watling AvenueLondon - HA8 0LA Luton Office - pe baz\u0103 de programare58 New Bedford RoadLuton - LU1 1SH Telephone: +44 (0) 20 3950 6499 Email: info@authenticanotaries.co.uk Website: www.authenticanotaries.co.uk 51.6026,-0.2641 Authentica Notaries Burnt Oak Office93 Watling AvenueLondonHA8\" \/>\n\t<meta name=\"robots\" content=\"max-image-preview:large\" \/>\n\t<link rel=\"canonical\" href=\"https:\/\/authenticanotaries.co.uk\/it\/locatie\/\" \/>\n\t<meta name=\"generator\" content=\"All in One SEO Pro (AIOSEO) 4.9.5.2\" \/>\n\t\t<meta property=\"og:locale\" content=\"it_IT\" \/>\n\t\t<meta property=\"og:site_name\" content=\"Authentica Notaries - Notar public rom\u00e2n Londra - Servicii Notariale\" \/>\n\t\t<meta property=\"og:type\" content=\"article\" \/>\n\t\t<meta property=\"og:title\" content=\"Loca\u021bie - Authentica Notaries\" \/>\n\t\t<meta property=\"og:description\" content=\"UNDE NE G\u0102SI\u021aI LOCA\u021aIE 40 Bermondsey StreetLondon BridgeLondon - SE1 3UD Burnt Oak Office - pe baz\u0103 de programare93 Watling AvenueLondon - HA8 0LA Luton Office - pe baz\u0103 de programare58 New Bedford RoadLuton - LU1 1SH Telephone: +44 (0) 20 3950 6499 Email: info@authenticanotaries.co.uk Website: www.authenticanotaries.co.uk 51.6026,-0.2641 Authentica Notaries Burnt Oak Office93 Watling AvenueLondonHA8\" \/>\n\t\t<meta property=\"og:url\" content=\"https:\/\/authenticanotaries.co.uk\/it\/locatie\/\" \/>\n\t\t<meta property=\"article:published_time\" content=\"2026-03-22T18:38:18+00:00\" \/>\n\t\t<meta property=\"article:modified_time\" content=\"2026-03-23T15:46:43+00:00\" \/>\n\t\t<meta property=\"article:publisher\" content=\"https:\/\/www.facebook.com\/NotarLondra\" \/>\n\t\t<meta name=\"twitter:card\" content=\"summary_large_image\" \/>\n\t\t<meta name=\"twitter:title\" content=\"Loca\u021bie - Authentica Notaries\" \/>\n\t\t<meta name=\"twitter:description\" content=\"UNDE NE G\u0102SI\u021aI LOCA\u021aIE 40 Bermondsey StreetLondon BridgeLondon - SE1 3UD Burnt Oak Office - pe baz\u0103 de programare93 Watling AvenueLondon - HA8 0LA Luton Office - pe baz\u0103 de programare58 New Bedford RoadLuton - LU1 1SH Telephone: +44 (0) 20 3950 6499 Email: info@authenticanotaries.co.uk Website: www.authenticanotaries.co.uk 51.6026,-0.2641 Authentica Notaries Burnt Oak Office93 Watling AvenueLondonHA8\" \/>\n\t\t<script type=\"application\/ld+json\" class=\"aioseo-schema\">\n\t\t\t{\"@context\":\"https:\\\/\\\/schema.org\",\"@graph\":[{\"@type\":\"BreadcrumbList\",\"@id\":\"https:\\\/\\\/authenticanotaries.co.uk\\\/it\\\/locatie\\\/#breadcrumblist\",\"itemListElement\":[{\"@type\":\"ListItem\",\"@id\":\"https:\\\/\\\/authenticanotaries.co.uk\\\/it#listItem\",\"position\":1,\"name\":\"Home\",\"item\":\"https:\\\/\\\/authenticanotaries.co.uk\\\/it\",\"nextItem\":{\"@type\":\"ListItem\",\"@id\":\"https:\\\/\\\/authenticanotaries.co.uk\\\/it\\\/locatie\\\/#listItem\",\"name\":\"Loca\\u021bie\"}},{\"@type\":\"ListItem\",\"@id\":\"https:\\\/\\\/authenticanotaries.co.uk\\\/it\\\/locatie\\\/#listItem\",\"position\":2,\"name\":\"Loca\\u021bie\",\"previousItem\":{\"@type\":\"ListItem\",\"@id\":\"https:\\\/\\\/authenticanotaries.co.uk\\\/it#listItem\",\"name\":\"Home\"}}]},{\"@type\":\"Organization\",\"@id\":\"https:\\\/\\\/authenticanotaries.co.uk\\\/it\\\/#organization\",\"name\":\"Authentica Notaries\",\"description\":\"Notar public rom\\u00e2n Londra - Servicii Notariale\",\"url\":\"https:\\\/\\\/authenticanotaries.co.uk\\\/it\\\/\",\"telephone\":\"+442039506499\",\"logo\":{\"@type\":\"ImageObject\",\"url\":\"https:\\\/\\\/authenticanotaries.co.uk\\\/wp-content\\\/uploads\\\/2026\\\/03\\\/logo-an-02-1080.jpg\",\"@id\":\"https:\\\/\\\/authenticanotaries.co.uk\\\/it\\\/locatie\\\/#organizationLogo\",\"width\":1200,\"height\":1200,\"caption\":\"birou notarial \\u00een Londra\"},\"image\":{\"@id\":\"https:\\\/\\\/authenticanotaries.co.uk\\\/it\\\/locatie\\\/#organizationLogo\"},\"sameAs\":[\"https:\\\/\\\/www.facebook.com\\\/NotarLondra\",\"https:\\\/\\\/www.instagram.com\\\/notariat_londra\\\/\",\"https:\\\/\\\/www.tiktok.com\\\/@authenticanotaries\",\"https:\\\/\\\/www.youtube.com\\\/@AuthenticaNotaries\"]},{\"@type\":\"WebPage\",\"@id\":\"https:\\\/\\\/authenticanotaries.co.uk\\\/it\\\/locatie\\\/#webpage\",\"url\":\"https:\\\/\\\/authenticanotaries.co.uk\\\/it\\\/locatie\\\/\",\"name\":\"Loca\\u021bie - Authentica Notaries\",\"description\":\"UNDE NE G\\u0102SI\\u021aI LOCA\\u021aIE 40 Bermondsey StreetLondon BridgeLondon - SE1 3UD Burnt Oak Office - pe baz\\u0103 de programare93 Watling AvenueLondon - HA8 0LA Luton Office - pe baz\\u0103 de programare58 New Bedford RoadLuton - LU1 1SH Telephone: +44 (0) 20 3950 6499 Email: info@authenticanotaries.co.uk Website: www.authenticanotaries.co.uk 51.6026,-0.2641 Authentica Notaries Burnt Oak Office93 Watling AvenueLondonHA8\",\"inLanguage\":\"it-IT\",\"isPartOf\":{\"@id\":\"https:\\\/\\\/authenticanotaries.co.uk\\\/it\\\/#website\"},\"breadcrumb\":{\"@id\":\"https:\\\/\\\/authenticanotaries.co.uk\\\/it\\\/locatie\\\/#breadcrumblist\"},\"datePublished\":\"2026-03-22T18:38:18+00:00\",\"dateModified\":\"2026-03-23T15:46:43+00:00\"},{\"@type\":\"WebSite\",\"@id\":\"https:\\\/\\\/authenticanotaries.co.uk\\\/it\\\/#website\",\"url\":\"https:\\\/\\\/authenticanotaries.co.uk\\\/it\\\/\",\"name\":\"Authentica Notaries\",\"description\":\"Notar public rom\\u00e2n Londra - Servicii Notariale\",\"inLanguage\":\"it-IT\",\"publisher\":{\"@id\":\"https:\\\/\\\/authenticanotaries.co.uk\\\/it\\\/#organization\"}}]}\n\t\t<\/script>\n\t\t<!-- All in One SEO Pro -->\r\n\t\t<title>Loca\u021bie - Authentica Notaries<\/title>\n\n","aioseo_head_json":{"title":"Posizione - Autentica Notai","description":"DOVE TROVARCI LOCALIT\u00c0 40 Bermondsey StreetLondon BridgeLondra - SE1 3UD Ufficio di Burnt Oak - su appuntamento93 Watling AvenueLondra - HA8 0LA Ufficio di Luton - su appuntamento58 New Bedford RoadLuton - LU1 1SH Telefono: +44 (0) 20 3950 6499 Email: info@authenticanotaries.co.uk Sito web: www.authenticanotaries.co.uk 51.6026,-0.2641 Autentica Notai Ufficio di Burnt Oak93 Watling AvenueLondraHA8","canonical_url":"https:\/\/authenticanotaries.co.uk\/it\/locatie\/","robots":"max-image-preview:large","keywords":"","webmasterTools":{"miscellaneous":""},"schema":{"@context":"https:\/\/schema.org","@graph":[{"@type":"BreadcrumbList","@id":"https:\/\/authenticanotaries.co.uk\/it\/locatie\/#breadcrumblist","itemListElement":[{"@type":"ListItem","@id":"https:\/\/authenticanotaries.co.uk\/it#listItem","position":1,"name":"Home","item":"https:\/\/authenticanotaries.co.uk\/it","nextItem":{"@type":"ListItem","@id":"https:\/\/authenticanotaries.co.uk\/it\/locatie\/#listItem","name":"Loca\u021bie"}},{"@type":"ListItem","@id":"https:\/\/authenticanotaries.co.uk\/it\/locatie\/#listItem","position":2,"name":"Loca\u021bie","previousItem":{"@type":"ListItem","@id":"https:\/\/authenticanotaries.co.uk\/it#listItem","name":"Home"}}]},{"@type":"Organization","@id":"https:\/\/authenticanotaries.co.uk\/it\/#organization","name":"Authentica Notaries","description":"Notar public rom\u00e2n Londra - Servicii Notariale","url":"https:\/\/authenticanotaries.co.uk\/it\/","telephone":"+442039506499","logo":{"@type":"ImageObject","url":"https:\/\/authenticanotaries.co.uk\/wp-content\/uploads\/2026\/03\/logo-an-02-1080.jpg","@id":"https:\/\/authenticanotaries.co.uk\/it\/locatie\/#organizationLogo","width":1200,"height":1200,"caption":"birou notarial \u00een Londra"},"image":{"@id":"https:\/\/authenticanotaries.co.uk\/it\/locatie\/#organizationLogo"},"sameAs":["https:\/\/www.facebook.com\/NotarLondra","https:\/\/www.instagram.com\/notariat_londra\/","https:\/\/www.tiktok.com\/@authenticanotaries","https:\/\/www.youtube.com\/@AuthenticaNotaries"]},{"@type":"WebPage","@id":"https:\/\/authenticanotaries.co.uk\/it\/locatie\/#webpage","url":"https:\/\/authenticanotaries.co.uk\/it\/locatie\/","name":"Loca\u021bie - Authentica Notaries","description":"UNDE NE G\u0102SI\u021aI LOCA\u021aIE 40 Bermondsey StreetLondon BridgeLondon - SE1 3UD Burnt Oak Office - pe baz\u0103 de programare93 Watling AvenueLondon - HA8 0LA Luton Office - pe baz\u0103 de programare58 New Bedford RoadLuton - LU1 1SH Telephone: +44 (0) 20 3950 6499 Email: info@authenticanotaries.co.uk Website: www.authenticanotaries.co.uk 51.6026,-0.2641 Authentica Notaries Burnt Oak Office93 Watling AvenueLondonHA8","inLanguage":"it-IT","isPartOf":{"@id":"https:\/\/authenticanotaries.co.uk\/it\/#website"},"breadcrumb":{"@id":"https:\/\/authenticanotaries.co.uk\/it\/locatie\/#breadcrumblist"},"datePublished":"2026-03-22T18:38:18+00:00","dateModified":"2026-03-23T15:46:43+00:00"},{"@type":"WebSite","@id":"https:\/\/authenticanotaries.co.uk\/it\/#website","url":"https:\/\/authenticanotaries.co.uk\/it\/","name":"Authentica Notaries","description":"Notar public rom\u00e2n Londra - Servicii Notariale","inLanguage":"it-IT","publisher":{"@id":"https:\/\/authenticanotaries.co.uk\/it\/#organization"}}]},"og:locale":"it_IT","og:site_name":"Authentica Notaries - Notar public rom\u00e2n Londra - Servicii Notariale","og:type":"article","og:title":"Loca\u021bie - Authentica Notaries","og:description":"UNDE NE G\u0102SI\u021aI LOCA\u021aIE 40 Bermondsey StreetLondon BridgeLondon - SE1 3UD Burnt Oak Office - pe baz\u0103 de programare93 Watling AvenueLondon - HA8 0LA Luton Office - pe baz\u0103 de programare58 New Bedford RoadLuton - LU1 1SH Telephone: +44 (0) 20 3950 6499 Email: info@authenticanotaries.co.uk Website: www.authenticanotaries.co.uk 51.6026,-0.2641 Authentica Notaries Burnt Oak Office93 Watling AvenueLondonHA8","og:url":"https:\/\/authenticanotaries.co.uk\/it\/locatie\/","article:published_time":"2026-03-22T18:38:18+00:00","article:modified_time":"2026-03-23T15:46:43+00:00","article:publisher":"https:\/\/www.facebook.com\/NotarLondra","twitter:card":"summary_large_image","twitter:title":"Loca\u021bie - Authentica Notaries","twitter:description":"UNDE NE G\u0102SI\u021aI LOCA\u021aIE 40 Bermondsey StreetLondon BridgeLondon - SE1 3UD Burnt Oak Office - pe baz\u0103 de programare93 Watling AvenueLondon - HA8 0LA Luton Office - pe baz\u0103 de programare58 New Bedford RoadLuton - LU1 1SH Telephone: +44 (0) 20 3950 6499 Email: info@authenticanotaries.co.uk Website: www.authenticanotaries.co.uk 51.6026,-0.2641 Authentica Notaries Burnt Oak Office93 Watling AvenueLondonHA8"},"aioseo_meta_data":{"post_id":"12","title":null,"description":null,"keywords":null,"keyphrases":null,"primary_term":null,"canonical_url":null,"og_title":null,"og_description":null,"og_object_type":"default","og_image_type":"default","og_image_url":null,"og_image_width":null,"og_image_height":null,"og_image_custom_url":null,"og_image_custom_fields":null,"og_video":null,"og_custom_url":null,"og_article_section":null,"og_article_tags":null,"twitter_use_og":false,"twitter_card":"default","twitter_image_type":"default","twitter_image_url":null,"twitter_image_custom_url":null,"twitter_image_custom_fields":null,"twitter_title":null,"twitter_description":null,"schema":{"blockGraphs":[],"customGraphs":[],"default":{"data":{"Article":[],"Course":[],"Dataset":[],"FAQPage":[],"Movie":[],"Person":[],"Product":[],"ProductReview":[],"Car":[],"Recipe":[],"Service":[],"SoftwareApplication":[],"WebPage":[]},"graphName":"","isEnabled":true},"graphs":[]},"schema_type":"default","schema_type_options":null,"pillar_content":false,"robots_default":true,"robots_noindex":false,"robots_noarchive":false,"robots_nosnippet":false,"robots_nofollow":false,"robots_noimageindex":false,"robots_noodp":false,"robots_notranslate":false,"robots_max_snippet":null,"robots_max_videopreview":null,"robots_max_imagepreview":"large","priority":null,"frequency":null,"local_seo":null,"seo_analyzer_scan_date":"2026-03-23 17:06:52","breadcrumb_settings":null,"limit_modified_date":false,"open_ai":null,"ai":null,"created":"2026-03-23 17:06:52","updated":"2026-03-23 17:13:44"},"aioseo_breadcrumb":"<div class=\"aioseo-breadcrumbs\"><span class=\"aioseo-breadcrumb\">\n\t<a href=\"https:\/\/authenticanotaries.co.uk\/it\" title=\"Home\">Home<\/a>\n<\/span><span class=\"aioseo-breadcrumb-separator\">&raquo;<\/span><span class=\"aioseo-breadcrumb\">\n\tLoca\u021bie\n<\/span><\/div>","aioseo_breadcrumb_json":[{"label":"Home","link":"https:\/\/authenticanotaries.co.uk\/it"},{"label":"Loca\u021bie","link":"https:\/\/authenticanotaries.co.uk\/it\/locatie\/"}],"_links":{"self":[{"href":"https:\/\/authenticanotaries.co.uk\/it\/wp-json\/wp\/v2\/pages\/12","targetHints":{"allow":["GET"]}}],"collection":[{"href":"https:\/\/authenticanotaries.co.uk\/it\/wp-json\/wp\/v2\/pages"}],"about":[{"href":"https:\/\/authenticanotaries.co.uk\/it\/wp-json\/wp\/v2\/types\/page"}],"author":[{"embeddable":true,"href":"https:\/\/authenticanotaries.co.uk\/it\/wp-json\/wp\/v2\/users\/1"}],"replies":[{"embeddable":true,"href":"https:\/\/authenticanotaries.co.uk\/it\/wp-json\/wp\/v2\/comments?post=12"}],"version-history":[{"count":3,"href":"https:\/\/authenticanotaries.co.uk\/it\/wp-json\/wp\/v2\/pages\/12\/revisions"}],"predecessor-version":[{"id":108,"href":"https:\/\/authenticanotaries.co.uk\/it\/wp-json\/wp\/v2\/pages\/12\/revisions\/108"}],"wp:attachment":[{"href":"https:\/\/authenticanotaries.co.uk\/it\/wp-json\/wp\/v2\/media?parent=12"}],"curies":[{"name":"wp","href":"https:\/\/api.w.org\/{rel}","templated":true}]}}