{"id":14,"date":"2026-03-22T18:38:32","date_gmt":"2026-03-22T18:38:32","guid":{"rendered":"https:\/\/authenticanotaries.co.uk\/?page_id=14"},"modified":"2026-03-23T15:47:59","modified_gmt":"2026-03-23T15:47:59","slug":"legalizzazione","status":"publish","type":"page","link":"https:\/\/authenticanotaries.co.uk\/it\/legalizare\/","title":{"rendered":"Legalizzazione"},"content":{"rendered":"<h1>SERVICII DE LEGALIZARE<\/h1>\n<div>\u00cen cazul \u00een care documentele dvs. necesit\u0103 <b>legalizare<\/b> sau <b>apostila Haga UK<\/b>, <b>notar \u00een Londra<\/b> Cristina M. Mihalache Bertolini va asigura leg\u0103tura cu Ministerul afacerilor externe, ambasada sau consulatul corespunz\u0103tor \u00een numele dvs.<\/div>\n<h4>PROCEDURA NOASTR\u0102<\/h4>\n<div>\u00cen cazul \u00een care ave\u021bi nevoie de <b>legalizare<\/b> sau <b>apostilare<\/b> pentru documentele dumneavoastr\u0103, <b>notar public \u00een Londra<\/b> Cristina M. Mihalache Bertolini de la <b>Birou Notarial Londra Authentica Notaries<\/b>, va asigura leg\u0103tura cu Ministerul afacerilor externe, ambasada sau consulatul corespunz\u0103tor \u00een numele dvs.<\/p>\n<p>Majoritatea documentelor care necesit\u0103 <b>legalizare notarial\u0103<\/b> sunt utilizate \u00een str\u0103in\u0103tate, de multe ori de c\u0103tre <b>notari publici<\/b>, instan\u021be judec\u0103tore\u0219ti, avoca\u021bi \u0219i autorit\u0103\u021bi locale.<\/p>\n<p>Autorit\u0103\u021bile str\u0103ine vor avea nevoie ca documentele s\u0103 fie nu doar <b>legalizate<\/b>, ci \u0219i <b>atestate<\/b> de Ministerul de Externe, de c\u0103tre ambasada \u021b\u0103rii \u00een care vor fi utilizate documentele, sau c\u00e2teodat\u0103, chiar de c\u0103tre ambele. Pentru unele \u021b\u0103ri, este posibil s\u0103 fie necesar\u0103 \u0219i confirmare de la o camer\u0103 de comer\u021b \u00een cazul documentelor comerciale sau a facturilor.<\/p>\n<p><b>Notar \u00een Londra<\/b> Cristina M. Mihalache Bertolini de la <b>notariat \u00een Londra<\/b> Authentica Notaries se poate ocupa de to\u021bi ace\u0219ti pa\u0219i pentru dvs. sau, dac\u0103 ave\u021bi timp, v\u0103 putem oferi consultan\u021b\u0103 pentru a merge personal.<\/div>\n<hr>\n<h3>APOSTIL\u0102 HAGA UK<\/h3>\n<div>Cunoscuta si ca \u201e<b>apostil\u0103<\/b>\u201c, aceasta reprezint\u0103 un certificat oficial aplicat de Ministerul de Externe pe partea din spate a unor documente \u00eenainte de a putea fi utilizate \u00een str\u0103in\u0103tate.<\/p>\n<p><b>Biroul notarial \u00een Londra<\/b> Authentica Notaries are de-a face zilnic cu Ministerul de Externe \u0219i putem utiliza at\u00e2t regimul standard c\u00e2t \u0219i regimul rapid ale acestuia pentru a ob\u021bine <b>Apostila<\/b> pentru dvs., \u00een func\u021bie de urgenta cu care va sunt necesare documentele.<\/div>\n<hr>\n<h3>CONSULATE \u0218I AMBASADE<\/h3>\n<div>\n<p>\u00cen cazul \u00een care nu sunte\u021bi sigur dac\u0103 ave\u021bi sau nu nevoie de <b>documente legalizate<\/b> sau de <b>Apostil\u0103<\/b>, dar \u0219i pentru a ne consulta sau a primi o ofert\u0103 de pre\u021b, contacta\u021bi-ne prin e-mail la adresa <b><a class=\"uk-link-text\" href=\"mailto:info@authenticanotaries.co\">info@authenticanotaries.co.uk<\/a><\/b>, sau telefonic la num\u0103rul <b><a class=\"uk-link-text\" href=\"tel:+44 (0) 20 3950 6499\">+44 (0) 20 3950 6499<\/a><\/b>. Alternativ, completa\u021bi formularul scurt de \u00eentreb\u0103ri de pe pagina Solicit\u0103 ofert\u0103 de pre\u021b.<\/p>\n<p>V\u0103 recomand\u0103m s\u0103 ne trimite\u021bi o copie a documentelor de care ave\u021bi nevoie pentru legalizare ata\u0219ate formularului de \u00eentreb\u0103ri, astfel \u00eenc\u00e2t s\u0103 v\u0103 putem oferi o cota\u021bie exact\u0103 de pre\u021b.<\/p>\n<\/div>\n<p><!--more--><br \/>\n<!-- {\"type\":\"layout\",\"children\":[{\"name\":\"Hero\",\"type\":\"section\",\"props\":{\"css\":\".el-section {\\n    margin-top:-40px; \/* half of height *\/\\n}\",\"header_transparent\":true,\"header_transparent_text_color\":\"dark\",\"image\":\"wp-content\/uploads\/2026\/03\/hp-legislation-2.jpg\",\"image_position\":\"center-center\",\"image_size\":\"cover\",\"image_width\":\"1920\",\"padding\":\"large\",\"style\":\"muted\",\"title_breakpoint\":\"xl\",\"title_position\":\"top-left\",\"title_rotation\":\"left\",\"vertical_align\":\"\",\"width\":\"default\"},\"children\":[{\"type\":\"row\",\"children\":[{\"type\":\"column\",\"props\":{\"image_position\":\"center-center\",\"position_sticky_breakpoint\":\"m\",\"width_medium\":\"1-1\"},\"children\":[{\"type\":\"headline\",\"props\":{\"content\":\"SERVICII DE LEGALIZARE\",\"image_align\":\"left\",\"image_margin\":\"xsmall\",\"maxwidth\":\"xlarge\",\"title_element\":\"h1\",\"title_style\":\"h1\"}},{\"type\":\"text\",\"props\":{\"column_breakpoint\":\"m\",\"content\":\"\u00cen cazul \u00een care documentele dvs. necesit\u0103 <b>legalizare<\/b> sau <b>apostila Haga UK<\/b>, <b>notar \u00een Londra<\/b> Cristina M. Mihalache Bertolini va asigura leg\u0103tura cu Ministerul afacerilor externe, ambasada sau consulatul corespunz\u0103tor \u00een numele dvs.\",\"margin_bottom\":\"default\",\"margin_top\":\"default\",\"maxwidth\":\"xlarge\",\"text_style\":\"lead\"}}]}]}]},{\"name\":\"Services\",\"type\":\"section\",\"props\":{\"image_position\":\"center-center\",\"image_size\":\"cover\",\"padding\":\"large\",\"padding_remove_bottom\":true,\"style\":\"default\",\"title_breakpoint\":\"xl\",\"title_position\":\"top-left\",\"title_rotation\":\"left\",\"vertical_align\":\"\",\"width\":\"default\"},\"children\":[{\"type\":\"row\",\"props\":{\"layout\":\"1-4,3-4\"},\"children\":[{\"type\":\"column\",\"props\":{\"image_position\":\"center-center\",\"position_sticky_breakpoint\":\"m\",\"width_medium\":\"1-4\"},\"children\":[{\"type\":\"headline\",\"props\":{\"content\":\"PROCEDURA NOASTR\u0102\",\"image_align\":\"left\",\"image_margin\":\"xsmall\",\"title_element\":\"h4\",\"title_style\":\"h4\"}}]},{\"type\":\"column\",\"props\":{\"image_position\":\"center-center\",\"position_sticky_breakpoint\":\"m\",\"width_medium\":\"3-4\"},\"children\":[{\"type\":\"text\",\"props\":{\"column_breakpoint\":\"m\",\"content\":\"\u00cen cazul \u00een care ave\u021bi nevoie de <b>legalizare<\/b> sau <b>apostilare<\/b> pentru documentele dumneavoastr\u0103, <b>notar public \u00een Londra<\/b> Cristina M. Mihalache Bertolini de la <b>Birou Notarial Londra Authentica Notaries<\/b>, va asigura leg\u0103tura cu Ministerul afacerilor externe, ambasada sau consulatul corespunz\u0103tor \u00een numele dvs.\n\n\\nMajoritatea documentelor care necesit\u0103 <b>legalizare notarial\u0103<\/b> sunt utilizate \u00een str\u0103in\u0103tate, de multe ori de c\u0103tre <b>notari publici<\/b>, instan\u021be judec\u0103tore\u0219ti, avoca\u021bi \u0219i autorit\u0103\u021bi locale.\n\n\\nAutorit\u0103\u021bile str\u0103ine vor avea nevoie ca documentele s\u0103 fie nu doar <b>legalizate<\/b>, ci \u0219i <b>atestate<\/b> de Ministerul de Externe, de c\u0103tre ambasada \u021b\u0103rii \u00een care vor fi utilizate documentele, sau c\u00e2teodat\u0103, chiar de c\u0103tre ambele. Pentru unele \u021b\u0103ri, este posibil s\u0103 fie necesar\u0103 \u0219i confirmare de la o camer\u0103 de comer\u021b \u00een cazul documentelor comerciale sau a facturilor.\n\n\\n<b>Notar \u00een Londra<\/b> Cristina M. Mihalache Bertolini de la <b>notariat \u00een Londra<\/b> Authentica Notaries se poate ocupa de to\u021bi ace\u0219ti pa\u0219i pentru dvs. sau, dac\u0103 ave\u021bi timp, v\u0103 putem oferi consultan\u021b\u0103 pentru a merge personal.\",\"margin_bottom\":\"default\",\"margin_top\":\"default\",\"text_align\":\"justify\"}}]}]},{\"type\":\"row\",\"children\":[{\"type\":\"column\",\"props\":{\"image_position\":\"center-center\",\"position_sticky_breakpoint\":\"m\",\"width_medium\":\"1-1\"},\"children\":[{\"type\":\"divider\",\"props\":{\"divider_element\":\"hr\"}}]}]},{\"type\":\"row\",\"props\":{\"layout\":\"1-4,3-4\"},\"children\":[{\"type\":\"column\",\"props\":{\"image_position\":\"center-center\",\"position_sticky_breakpoint\":\"m\",\"width_medium\":\"1-4\"},\"children\":[{\"type\":\"headline\",\"props\":{\"content\":\"APOSTIL\u0102 HAGA UK\",\"image_align\":\"left\",\"image_margin\":\"xsmall\",\"title_element\":\"h3\",\"title_style\":\"h4\"}}]},{\"type\":\"column\",\"props\":{\"image_position\":\"center-center\",\"position_sticky_breakpoint\":\"m\",\"width_medium\":\"3-4\"},\"children\":[{\"type\":\"text\",\"props\":{\"column_breakpoint\":\"m\",\"content\":\"Cunoscuta si ca \u201e<b>apostil\u0103<\/b>\u201c, aceasta reprezint\u0103 un certificat oficial aplicat de Ministerul de Externe pe partea din spate a unor documente \u00eenainte de a putea fi utilizate \u00een str\u0103in\u0103tate.\n\n\\n<b>Biroul notarial \u00een Londra<\/b> Authentica Notaries are de-a face zilnic cu Ministerul de Externe \u0219i putem utiliza at\u00e2t regimul standard c\u00e2t \u0219i regimul rapid ale acestuia pentru a ob\u021bine <b>Apostila<\/b> pentru dvs., \u00een func\u021bie de urgenta cu care va sunt necesare documentele.\",\"margin_bottom\":\"default\",\"margin_top\":\"default\",\"text_align\":\"justify\"}}]}]},{\"type\":\"row\",\"children\":[{\"type\":\"column\",\"props\":{\"image_position\":\"center-center\",\"position_sticky_breakpoint\":\"m\",\"width_medium\":\"1-1\"},\"children\":[{\"type\":\"divider\",\"props\":{\"divider_element\":\"hr\"}}]}]},{\"type\":\"row\",\"props\":{\"layout\":\"1-4,3-4\"},\"children\":[{\"type\":\"column\",\"props\":{\"image_position\":\"center-center\",\"position_sticky_breakpoint\":\"m\",\"width_medium\":\"1-4\"},\"children\":[{\"type\":\"headline\",\"props\":{\"content\":\"CONSULATE \u0218I AMBASADE\",\"image_align\":\"left\",\"image_margin\":\"xsmall\",\"title_element\":\"h3\",\"title_style\":\"h4\"}}]},{\"type\":\"column\",\"props\":{\"image_position\":\"center-center\",\"position_sticky_breakpoint\":\"m\",\"width_medium\":\"3-4\"},\"children\":[{\"type\":\"text\",\"props\":{\"column_breakpoint\":\"m\",\"content\":\"\n\n<p>\u00cen cazul \u00een care nu sunte\u021bi sigur dac\u0103 ave\u021bi sau nu nevoie de <b>documente legalizate<\/b> sau de <b>Apostil\u0103<\/b>, dar \u0219i pentru a ne consulta sau a primi o ofert\u0103 de pre\u021b, contacta\u021bi-ne prin e-mail la adresa <b><a class=\\\"uk-link-text\\\" href=\\\"mailto:info@authenticanotaries.co\\\">info@authenticanotaries.co.uk<\/a><\/b>, sau telefonic la num\u0103rul <b><a class=\\\"uk-link-text\\\" href=\\\"tel:+44 (0) 20 3950 6499\\\">+44 (0) 20 3950 6499<\/a><\/b>. Alternativ, completa\u021bi formularul scurt de \u00eentreb\u0103ri de pe pagina Solicit\u0103 ofert\u0103 de pre\u021b.\n\n\\nV\u0103 recomand\u0103m s\u0103 ne trimite\u021bi o copie a documentelor de care ave\u021bi nevoie pentru legalizare ata\u0219ate formularului de \u00eentreb\u0103ri, astfel \u00eenc\u00e2t s\u0103 v\u0103 putem oferi o cota\u021bie exact\u0103 de pre\u021b.<\/p>\n\n\",\"margin_bottom\":\"default\",\"margin_top\":\"default\",\"text_align\":\"justify\"}}]}]}]}],\"version\":\"5.0.24\"} --><\/p>\n","protected":false},"excerpt":{"rendered":"<p>SERVICII DE LEGALIZARE \u00cen cazul \u00een care documentele dvs. necesit\u0103 legalizare sau apostila Haga UK, notar \u00een Londra Cristina M. Mihalache Bertolini va asigura leg\u0103tura cu Ministerul afacerilor externe, ambasada sau consulatul corespunz\u0103tor \u00een numele dvs. PROCEDURA NOASTR\u0102 \u00cen cazul \u00een care ave\u021bi nevoie de legalizare sau apostilare pentru documentele dumneavoastr\u0103, notar public \u00een Londra [&hellip;]<\/p>\n","protected":false},"author":1,"featured_media":0,"parent":0,"menu_order":0,"comment_status":"closed","ping_status":"closed","template":"","meta":{"footnotes":""},"class_list":["post-14","page","type-page","status-publish","hentry"],"aioseo_notices":[],"_links":{"self":[{"href":"https:\/\/authenticanotaries.co.uk\/it\/wp-json\/wp\/v2\/pages\/14","targetHints":{"allow":["GET"]}}],"collection":[{"href":"https:\/\/authenticanotaries.co.uk\/it\/wp-json\/wp\/v2\/pages"}],"about":[{"href":"https:\/\/authenticanotaries.co.uk\/it\/wp-json\/wp\/v2\/types\/page"}],"author":[{"embeddable":true,"href":"https:\/\/authenticanotaries.co.uk\/it\/wp-json\/wp\/v2\/users\/1"}],"replies":[{"embeddable":true,"href":"https:\/\/authenticanotaries.co.uk\/it\/wp-json\/wp\/v2\/comments?post=14"}],"version-history":[{"count":3,"href":"https:\/\/authenticanotaries.co.uk\/it\/wp-json\/wp\/v2\/pages\/14\/revisions"}],"predecessor-version":[{"id":112,"href":"https:\/\/authenticanotaries.co.uk\/it\/wp-json\/wp\/v2\/pages\/14\/revisions\/112"}],"wp:attachment":[{"href":"https:\/\/authenticanotaries.co.uk\/it\/wp-json\/wp\/v2\/media?parent=14"}],"curies":[{"name":"wp","href":"https:\/\/api.w.org\/{rel}","templated":true}]}}